{"id":3894,"date":"2025-09-20T12:08:13","date_gmt":"2025-09-20T12:08:13","guid":{"rendered":"http:\/\/triplestepmadness.nl\/product\/ticket-fuer-die-gesamte-veranstaltung\/"},"modified":"2025-12-11T10:44:07","modified_gmt":"2025-12-11T10:44:07","slug":"ticket-fuer-die-gesamte-veranstaltung","status":"publish","type":"product","link":"https:\/\/triplestepmadness.nl\/de\/product\/ticket-fuer-die-gesamte-veranstaltung\/","title":{"rendered":"Ticket f\u00fcr die gesamte Veranstaltung"},"content":{"rendered":"<p><strong>7,5 Stunden<\/strong> Workshops (Boogie Woogie oder Lindy Hop) von <strong>8<\/strong> internationalen Spitzent\u00e4nzern, Verbesserung der F\u00e4higkeiten, <strong>3x<\/strong> Party, bei der Sie unz\u00e4hlige Moves vorf\u00fchren k\u00f6nnen. Endloses Tanzvergn\u00fcgen. Triple Step your crazy mit Bun Jon und dem gro\u00dfen Jive (Samstag), T-Men &amp; Miss Ella (Sonntag), DJ swinging rocking daddy und DJ Sondre!  <\/p>\n","protected":false},"excerpt":{"rendered":"<p>7,5 Stunden Workshops (Boogie Woogie oder Lindy Hop) von 8 internationalen Spitzent\u00e4nzern, Verbesserung der F\u00e4higkeiten, 3x Party, bei der Sie unz\u00e4hlige Moves vorf\u00fchren k\u00f6nnen. Endloses Tanzvergn\u00fcgen. Triple Step your crazy mit Bun Jon und dem gro\u00dfen Jive (Samstag), T-Men &amp; Miss Ella (Sonntag), DJ swinging rocking daddy und DJ Sondre!<\/p>\n","protected":false},"featured_media":3893,"template":"","meta":{"_acf_changed":false,"_monsterinsights_skip_tracking":false,"_monsterinsights_sitenote_active":false,"_monsterinsights_sitenote_note":"","_monsterinsights_sitenote_category":0},"product_brand":[],"product_cat":[115],"product_tag":[],"class_list":{"0":"post-3894","1":"product","2":"type-product","3":"status-publish","4":"has-post-thumbnail","6":"product_cat-keine-kategorie","8":"first","9":"outofstock","10":"sold-individually","11":"taxable","12":"shipping-taxable","13":"product-type-variable"},"acf":[],"yoast_head":"<!-- This site is optimized with the Yoast SEO plugin v27.3 - https:\/\/yoast.com\/product\/yoast-seo-wordpress\/ -->\n<title>Ticket f\u00fcr die gesamte Veranstaltung - Triple Step Madness<\/title>\n<meta name=\"robots\" content=\"index, follow, max-snippet:-1, max-image-preview:large, max-video-preview:-1\" \/>\n<link rel=\"canonical\" href=\"https:\/\/triplestepmadness.nl\/de\/product\/ticket-fuer-die-gesamte-veranstaltung\/\" \/>\n<meta property=\"og:locale\" content=\"de_DE\" \/>\n<meta property=\"og:type\" content=\"article\" \/>\n<meta property=\"og:title\" content=\"Ticket f\u00fcr die gesamte Veranstaltung - Triple Step Madness\" \/>\n<meta property=\"og:description\" content=\"7,5 Stunden Workshops (Boogie Woogie oder Lindy Hop) von 8 internationalen Spitzent\u00e4nzern, Verbesserung der F\u00e4higkeiten, 3x Party, bei der Sie unz\u00e4hlige Moves vorf\u00fchren k\u00f6nnen. Endloses Tanzvergn\u00fcgen. Triple Step your crazy mit Bun Jon und dem gro\u00dfen Jive (Samstag), T-Men &amp; Miss Ella (Sonntag), DJ swinging rocking daddy und DJ Sondre!\" \/>\n<meta property=\"og:url\" content=\"https:\/\/triplestepmadness.nl\/de\/product\/ticket-fuer-die-gesamte-veranstaltung\/\" \/>\n<meta property=\"og:site_name\" content=\"Triple Step Madness\" \/>\n<meta property=\"article:modified_time\" content=\"2025-12-11T10:44:07+00:00\" \/>\n<meta property=\"og:image\" content=\"https:\/\/triplestepmadness.nl\/wp-content\/uploads\/TSM-ticketbeeldvierkant2026.jpg\" \/>\n\t<meta property=\"og:image:width\" content=\"1713\" \/>\n\t<meta property=\"og:image:height\" content=\"1713\" \/>\n\t<meta property=\"og:image:type\" content=\"image\/jpeg\" \/>\n<meta name=\"twitter:card\" content=\"summary_large_image\" \/>\n<script type=\"application\/ld+json\" class=\"yoast-schema-graph\">{\"@context\":\"https:\\\/\\\/schema.org\",\"@graph\":[{\"@type\":\"WebPage\",\"@id\":\"https:\\\/\\\/triplestepmadness.nl\\\/de\\\/product\\\/ticket-fuer-die-gesamte-veranstaltung\\\/\",\"url\":\"https:\\\/\\\/triplestepmadness.nl\\\/de\\\/product\\\/ticket-fuer-die-gesamte-veranstaltung\\\/\",\"name\":\"Ticket f\u00fcr die gesamte Veranstaltung - Triple Step Madness\",\"isPartOf\":{\"@id\":\"https:\\\/\\\/triplestepmadness.nl\\\/de\\\/#website\"},\"primaryImageOfPage\":{\"@id\":\"https:\\\/\\\/triplestepmadness.nl\\\/de\\\/product\\\/ticket-fuer-die-gesamte-veranstaltung\\\/#primaryimage\"},\"image\":{\"@id\":\"https:\\\/\\\/triplestepmadness.nl\\\/de\\\/product\\\/ticket-fuer-die-gesamte-veranstaltung\\\/#primaryimage\"},\"thumbnailUrl\":\"https:\\\/\\\/triplestepmadness.nl\\\/wp-content\\\/uploads\\\/TSM-ticketbeeldvierkant2026.jpg\",\"datePublished\":\"2025-09-20T12:08:13+00:00\",\"dateModified\":\"2025-12-11T10:44:07+00:00\",\"breadcrumb\":{\"@id\":\"https:\\\/\\\/triplestepmadness.nl\\\/de\\\/product\\\/ticket-fuer-die-gesamte-veranstaltung\\\/#breadcrumb\"},\"inLanguage\":\"de\",\"potentialAction\":[{\"@type\":\"ReadAction\",\"target\":[\"https:\\\/\\\/triplestepmadness.nl\\\/de\\\/product\\\/ticket-fuer-die-gesamte-veranstaltung\\\/\"]}]},{\"@type\":\"ImageObject\",\"inLanguage\":\"de\",\"@id\":\"https:\\\/\\\/triplestepmadness.nl\\\/de\\\/product\\\/ticket-fuer-die-gesamte-veranstaltung\\\/#primaryimage\",\"url\":\"https:\\\/\\\/triplestepmadness.nl\\\/wp-content\\\/uploads\\\/TSM-ticketbeeldvierkant2026.jpg\",\"contentUrl\":\"https:\\\/\\\/triplestepmadness.nl\\\/wp-content\\\/uploads\\\/TSM-ticketbeeldvierkant2026.jpg\",\"width\":1713,\"height\":1713,\"caption\":\"Lindy Hop, Boogie Woogie und Swingdance \u2013 Triple Step Madness\"},{\"@type\":\"BreadcrumbList\",\"@id\":\"https:\\\/\\\/triplestepmadness.nl\\\/de\\\/product\\\/ticket-fuer-die-gesamte-veranstaltung\\\/#breadcrumb\",\"itemListElement\":[{\"@type\":\"ListItem\",\"position\":1,\"name\":\"Home\",\"item\":\"https:\\\/\\\/triplestepmadness.nl\\\/de\\\/\"},{\"@type\":\"ListItem\",\"position\":2,\"name\":\"Webshop\",\"item\":\"https:\\\/\\\/triplestepmadness.nl\\\/?page_id=3313\"},{\"@type\":\"ListItem\",\"position\":3,\"name\":\"Ticket f\u00fcr die gesamte Veranstaltung\"}]},{\"@type\":\"WebSite\",\"@id\":\"https:\\\/\\\/triplestepmadness.nl\\\/de\\\/#website\",\"url\":\"https:\\\/\\\/triplestepmadness.nl\\\/de\\\/\",\"name\":\"Triple Step Madness\",\"description\":\"\",\"publisher\":{\"@id\":\"https:\\\/\\\/triplestepmadness.nl\\\/de\\\/#organization\"},\"potentialAction\":[{\"@type\":\"SearchAction\",\"target\":{\"@type\":\"EntryPoint\",\"urlTemplate\":\"https:\\\/\\\/triplestepmadness.nl\\\/de\\\/?s={search_term_string}\"},\"query-input\":{\"@type\":\"PropertyValueSpecification\",\"valueRequired\":true,\"valueName\":\"search_term_string\"}}],\"inLanguage\":\"de\"},{\"@type\":\"Organization\",\"@id\":\"https:\\\/\\\/triplestepmadness.nl\\\/de\\\/#organization\",\"name\":\"Triple Step Madness\",\"url\":\"https:\\\/\\\/triplestepmadness.nl\\\/de\\\/\",\"logo\":{\"@type\":\"ImageObject\",\"inLanguage\":\"de\",\"@id\":\"https:\\\/\\\/triplestepmadness.nl\\\/de\\\/#\\\/schema\\\/logo\\\/image\\\/\",\"url\":\"https:\\\/\\\/triplestepmadness.nl\\\/wp-content\\\/uploads\\\/triple-step-madness-logo-2025.png\",\"contentUrl\":\"https:\\\/\\\/triplestepmadness.nl\\\/wp-content\\\/uploads\\\/triple-step-madness-logo-2025.png\",\"width\":2000,\"height\":1850,\"caption\":\"Triple Step Madness\"},\"image\":{\"@id\":\"https:\\\/\\\/triplestepmadness.nl\\\/de\\\/#\\\/schema\\\/logo\\\/image\\\/\"}}]}<\/script>\n<!-- \/ Yoast SEO plugin. -->","yoast_head_json":{"title":"Ticket f\u00fcr die gesamte Veranstaltung - Triple Step Madness","robots":{"index":"index","follow":"follow","max-snippet":"max-snippet:-1","max-image-preview":"max-image-preview:large","max-video-preview":"max-video-preview:-1"},"canonical":"https:\/\/triplestepmadness.nl\/de\/product\/ticket-fuer-die-gesamte-veranstaltung\/","og_locale":"de_DE","og_type":"article","og_title":"Ticket f\u00fcr die gesamte Veranstaltung - Triple Step Madness","og_description":"7,5 Stunden Workshops (Boogie Woogie oder Lindy Hop) von 8 internationalen Spitzent\u00e4nzern, Verbesserung der F\u00e4higkeiten, 3x Party, bei der Sie unz\u00e4hlige Moves vorf\u00fchren k\u00f6nnen. Endloses Tanzvergn\u00fcgen. Triple Step your crazy mit Bun Jon und dem gro\u00dfen Jive (Samstag), T-Men &amp; Miss Ella (Sonntag), DJ swinging rocking daddy und DJ Sondre!","og_url":"https:\/\/triplestepmadness.nl\/de\/product\/ticket-fuer-die-gesamte-veranstaltung\/","og_site_name":"Triple Step Madness","article_modified_time":"2025-12-11T10:44:07+00:00","og_image":[{"width":1713,"height":1713,"url":"https:\/\/triplestepmadness.nl\/wp-content\/uploads\/TSM-ticketbeeldvierkant2026.jpg","type":"image\/jpeg"}],"twitter_card":"summary_large_image","schema":{"@context":"https:\/\/schema.org","@graph":[{"@type":"WebPage","@id":"https:\/\/triplestepmadness.nl\/de\/product\/ticket-fuer-die-gesamte-veranstaltung\/","url":"https:\/\/triplestepmadness.nl\/de\/product\/ticket-fuer-die-gesamte-veranstaltung\/","name":"Ticket f\u00fcr die gesamte Veranstaltung - Triple Step Madness","isPartOf":{"@id":"https:\/\/triplestepmadness.nl\/de\/#website"},"primaryImageOfPage":{"@id":"https:\/\/triplestepmadness.nl\/de\/product\/ticket-fuer-die-gesamte-veranstaltung\/#primaryimage"},"image":{"@id":"https:\/\/triplestepmadness.nl\/de\/product\/ticket-fuer-die-gesamte-veranstaltung\/#primaryimage"},"thumbnailUrl":"https:\/\/triplestepmadness.nl\/wp-content\/uploads\/TSM-ticketbeeldvierkant2026.jpg","datePublished":"2025-09-20T12:08:13+00:00","dateModified":"2025-12-11T10:44:07+00:00","breadcrumb":{"@id":"https:\/\/triplestepmadness.nl\/de\/product\/ticket-fuer-die-gesamte-veranstaltung\/#breadcrumb"},"inLanguage":"de","potentialAction":[{"@type":"ReadAction","target":["https:\/\/triplestepmadness.nl\/de\/product\/ticket-fuer-die-gesamte-veranstaltung\/"]}]},{"@type":"ImageObject","inLanguage":"de","@id":"https:\/\/triplestepmadness.nl\/de\/product\/ticket-fuer-die-gesamte-veranstaltung\/#primaryimage","url":"https:\/\/triplestepmadness.nl\/wp-content\/uploads\/TSM-ticketbeeldvierkant2026.jpg","contentUrl":"https:\/\/triplestepmadness.nl\/wp-content\/uploads\/TSM-ticketbeeldvierkant2026.jpg","width":1713,"height":1713,"caption":"Lindy Hop, Boogie Woogie und Swingdance \u2013 Triple Step Madness"},{"@type":"BreadcrumbList","@id":"https:\/\/triplestepmadness.nl\/de\/product\/ticket-fuer-die-gesamte-veranstaltung\/#breadcrumb","itemListElement":[{"@type":"ListItem","position":1,"name":"Home","item":"https:\/\/triplestepmadness.nl\/de\/"},{"@type":"ListItem","position":2,"name":"Webshop","item":"https:\/\/triplestepmadness.nl\/?page_id=3313"},{"@type":"ListItem","position":3,"name":"Ticket f\u00fcr die gesamte Veranstaltung"}]},{"@type":"WebSite","@id":"https:\/\/triplestepmadness.nl\/de\/#website","url":"https:\/\/triplestepmadness.nl\/de\/","name":"Triple Step Madness","description":"","publisher":{"@id":"https:\/\/triplestepmadness.nl\/de\/#organization"},"potentialAction":[{"@type":"SearchAction","target":{"@type":"EntryPoint","urlTemplate":"https:\/\/triplestepmadness.nl\/de\/?s={search_term_string}"},"query-input":{"@type":"PropertyValueSpecification","valueRequired":true,"valueName":"search_term_string"}}],"inLanguage":"de"},{"@type":"Organization","@id":"https:\/\/triplestepmadness.nl\/de\/#organization","name":"Triple Step Madness","url":"https:\/\/triplestepmadness.nl\/de\/","logo":{"@type":"ImageObject","inLanguage":"de","@id":"https:\/\/triplestepmadness.nl\/de\/#\/schema\/logo\/image\/","url":"https:\/\/triplestepmadness.nl\/wp-content\/uploads\/triple-step-madness-logo-2025.png","contentUrl":"https:\/\/triplestepmadness.nl\/wp-content\/uploads\/triple-step-madness-logo-2025.png","width":2000,"height":1850,"caption":"Triple Step Madness"},"image":{"@id":"https:\/\/triplestepmadness.nl\/de\/#\/schema\/logo\/image\/"}}]}},"_links":{"self":[{"href":"https:\/\/triplestepmadness.nl\/de\/wp-json\/wp\/v2\/product\/3894","targetHints":{"allow":["GET"]}}],"collection":[{"href":"https:\/\/triplestepmadness.nl\/de\/wp-json\/wp\/v2\/product"}],"about":[{"href":"https:\/\/triplestepmadness.nl\/de\/wp-json\/wp\/v2\/types\/product"}],"wp:featuredmedia":[{"embeddable":true,"href":"https:\/\/triplestepmadness.nl\/de\/wp-json\/wp\/v2\/media\/3893"}],"wp:attachment":[{"href":"https:\/\/triplestepmadness.nl\/de\/wp-json\/wp\/v2\/media?parent=3894"}],"wp:term":[{"taxonomy":"product_brand","embeddable":true,"href":"https:\/\/triplestepmadness.nl\/de\/wp-json\/wp\/v2\/product_brand?post=3894"},{"taxonomy":"product_cat","embeddable":true,"href":"https:\/\/triplestepmadness.nl\/de\/wp-json\/wp\/v2\/product_cat?post=3894"},{"taxonomy":"product_tag","embeddable":true,"href":"https:\/\/triplestepmadness.nl\/de\/wp-json\/wp\/v2\/product_tag?post=3894"}],"curies":[{"name":"wp","href":"https:\/\/api.w.org\/{rel}","templated":true}]}}