{"id":3109,"date":"2025-07-09T16:48:23","date_gmt":"2025-07-09T16:48:23","guid":{"rendered":"http:\/\/triplestepmadness.nl\/?page_id=3109"},"modified":"2026-01-04T11:09:15","modified_gmt":"2026-01-04T11:09:15","slug":"flora-und-thorbjorn-2","status":"publish","type":"page","link":"https:\/\/triplestepmadness.nl\/de\/flora-und-thorbjorn-2\/","title":{"rendered":"Victor und Wilma"},"content":{"rendered":"\t\t<div data-elementor-type=\"wp-page\" data-elementor-id=\"3109\" class=\"elementor elementor-3109 elementor-3107\" data-elementor-post-type=\"page\">\n\t\t\t\t<div class=\"elementor-element elementor-element-f63863b e-con-full e-flex e-con e-parent\" data-id=\"f63863b\" data-element_type=\"container\" data-e-type=\"container\" data-settings=\"{&quot;background_background&quot;:&quot;classic&quot;}\">\n\t\t<div class=\"elementor-element elementor-element-f55ef54 e-con-full e-flex e-con e-child\" data-id=\"f55ef54\" data-element_type=\"container\" data-e-type=\"container\" data-settings=\"{&quot;background_background&quot;:&quot;classic&quot;}\">\n\t\t\t\t<div class=\"elementor-element elementor-element-c3b21cc elementor-widget__width-initial elementor-widget elementor-widget-image\" data-id=\"c3b21cc\" data-element_type=\"widget\" data-e-type=\"widget\" data-settings=\"{&quot;motion_fx_motion_fx_mouse&quot;:&quot;yes&quot;,&quot;motion_fx_tilt_effect&quot;:&quot;yes&quot;,&quot;motion_fx_tilt_speed&quot;:{&quot;unit&quot;:&quot;px&quot;,&quot;size&quot;:3,&quot;sizes&quot;:[]},&quot;motion_fx_mouseTrack_effect&quot;:&quot;yes&quot;,&quot;motion_fx_mouseTrack_speed&quot;:{&quot;unit&quot;:&quot;px&quot;,&quot;size&quot;:0.3,&quot;sizes&quot;:[]}}\" data-widget_type=\"image.default\">\n\t\t\t\t<div class=\"elementor-widget-container\">\n\t\t\t\t\t\t\t\t\t\t\t\t\t\t\t<img fetchpriority=\"high\" decoding=\"async\" width=\"768\" height=\"710\" src=\"https:\/\/triplestepmadness.nl\/wp-content\/uploads\/triple-step-madness-logo-2026-768x710.png\" class=\"attachment-medium_large size-medium_large wp-image-2940\" alt=\"Lindy hop, Boogie woogie en Swingdance - Triple Step Madness - Logo 2026\" srcset=\"https:\/\/triplestepmadness.nl\/wp-content\/uploads\/triple-step-madness-logo-2026-768x710.png 768w, https:\/\/triplestepmadness.nl\/wp-content\/uploads\/triple-step-madness-logo-2026-300x278.png 300w, https:\/\/triplestepmadness.nl\/wp-content\/uploads\/triple-step-madness-logo-2026-1024x947.png 1024w, https:\/\/triplestepmadness.nl\/wp-content\/uploads\/triple-step-madness-logo-2026-1536x1421.png 1536w, https:\/\/triplestepmadness.nl\/wp-content\/uploads\/triple-step-madness-logo-2026-600x555.png 600w, https:\/\/triplestepmadness.nl\/wp-content\/uploads\/triple-step-madness-logo-2026.png 2000w\" sizes=\"(max-width: 768px) 100vw, 768px\" \/>\t\t\t\t\t\t\t\t\t\t\t\t\t\t\t<\/div>\n\t\t\t\t<\/div>\n\t\t\t\t<\/div>\n\t\t<div class=\"elementor-element elementor-element-6a2ccb0 e-con-full e-flex e-con e-child\" data-id=\"6a2ccb0\" data-element_type=\"container\" data-e-type=\"container\" data-settings=\"{&quot;background_background&quot;:&quot;classic&quot;}\">\n\t\t\t\t<div class=\"elementor-element elementor-element-4cbf1e1 elementor-widget elementor-widget-heading\" data-id=\"4cbf1e1\" data-element_type=\"widget\" data-e-type=\"widget\" data-widget_type=\"heading.default\">\n\t\t\t\t<div class=\"elementor-widget-container\">\n\t\t\t\t\t<h1 class=\"elementor-heading-title elementor-size-default\">Victor und Wilma<\/h1>\t\t\t\t<\/div>\n\t\t\t\t<\/div>\n\t\t\t\t<div class=\"elementor-element elementor-element-44aa26e elementor-widget__width-initial elementor-widget elementor-widget-heading\" data-id=\"44aa26e\" data-element_type=\"widget\" data-e-type=\"widget\" data-widget_type=\"heading.default\">\n\t\t\t\t<div class=\"elementor-widget-container\">\n\t\t\t\t\t<h2 class=\"elementor-heading-title elementor-size-default\">Dancing siblings from the North!<\/h2>\t\t\t\t<\/div>\n\t\t\t\t<\/div>\n\t\t\t\t<\/div>\n\t\t\t\t<\/div>\n\t\t<div class=\"elementor-element elementor-element-6579c42 e-flex e-con-boxed e-con e-parent\" data-id=\"6579c42\" data-element_type=\"container\" data-e-type=\"container\">\n\t\t\t\t\t<div class=\"e-con-inner\">\n\t\t<div class=\"elementor-element elementor-element-86353d4 e-con-full e-flex e-con e-child\" data-id=\"86353d4\" data-element_type=\"container\" data-e-type=\"container\">\n\t\t\t\t<div class=\"elementor-element elementor-element-15c2b31 elementor-widget elementor-widget-image\" data-id=\"15c2b31\" data-element_type=\"widget\" data-e-type=\"widget\" data-widget_type=\"image.default\">\n\t\t\t\t<div class=\"elementor-widget-container\">\n\t\t\t\t\t\t\t\t\t\t\t\t\t\t\t<img decoding=\"async\" width=\"800\" height=\"1000\" src=\"https:\/\/triplestepmadness.nl\/wp-content\/uploads\/victor-wilma-819x1024.jpg\" class=\"attachment-large size-large wp-image-3865\" alt=\"Triple Step Madness - teacher Victor and Wilma\" srcset=\"https:\/\/triplestepmadness.nl\/wp-content\/uploads\/victor-wilma-819x1024.jpg 819w, https:\/\/triplestepmadness.nl\/wp-content\/uploads\/victor-wilma-240x300.jpg 240w, https:\/\/triplestepmadness.nl\/wp-content\/uploads\/victor-wilma-768x960.jpg 768w, https:\/\/triplestepmadness.nl\/wp-content\/uploads\/victor-wilma-1229x1536.jpg 1229w, https:\/\/triplestepmadness.nl\/wp-content\/uploads\/victor-wilma-600x750.jpg 600w, https:\/\/triplestepmadness.nl\/wp-content\/uploads\/victor-wilma.jpg 1440w\" sizes=\"(max-width: 800px) 100vw, 800px\" \/>\t\t\t\t\t\t\t\t\t\t\t\t\t\t\t<\/div>\n\t\t\t\t<\/div>\n\t\t\t\t<div class=\"elementor-element elementor-element-d2a83b1 elementor-shape-rounded elementor-grid-0 e-grid-align-center elementor-widget elementor-widget-social-icons\" data-id=\"d2a83b1\" data-element_type=\"widget\" data-e-type=\"widget\" data-widget_type=\"social-icons.default\">\n\t\t\t\t<div class=\"elementor-widget-container\">\n\t\t\t\t\t\t\t<div class=\"elementor-social-icons-wrapper elementor-grid\" role=\"list\">\n\t\t\t\t\t\t\t<span class=\"elementor-grid-item\" role=\"listitem\">\n\t\t\t\t\t<a class=\"elementor-icon elementor-social-icon elementor-social-icon-facebook elementor-repeater-item-4773aa7\" href=\"https:\/\/www.facebook.com\/viktorandwilma\/\" target=\"_blank\">\n\t\t\t\t\t\t<span class=\"elementor-screen-only\">Facebook<\/span>\n\t\t\t\t\t\t<svg aria-hidden=\"true\" class=\"e-font-icon-svg e-fab-facebook\" viewBox=\"0 0 512 512\" xmlns=\"http:\/\/www.w3.org\/2000\/svg\"><path d=\"M504 256C504 119 393 8 256 8S8 119 8 256c0 123.78 90.69 226.38 209.25 245V327.69h-63V256h63v-54.64c0-62.15 37-96.48 93.67-96.48 27.14 0 55.52 4.84 55.52 4.84v61h-31.28c-30.8 0-40.41 19.12-40.41 38.73V256h68.78l-11 71.69h-57.78V501C413.31 482.38 504 379.78 504 256z\"><\/path><\/svg>\t\t\t\t\t<\/a>\n\t\t\t\t<\/span>\n\t\t\t\t\t\t\t<span class=\"elementor-grid-item\" role=\"listitem\">\n\t\t\t\t\t<a class=\"elementor-icon elementor-social-icon elementor-social-icon-instagram elementor-repeater-item-20c0a22\" href=\"https:\/\/www.instagram.com\/viktorandwilma\/\" target=\"_blank\">\n\t\t\t\t\t\t<span class=\"elementor-screen-only\">Instagram<\/span>\n\t\t\t\t\t\t<svg aria-hidden=\"true\" class=\"e-font-icon-svg e-fab-instagram\" viewBox=\"0 0 448 512\" xmlns=\"http:\/\/www.w3.org\/2000\/svg\"><path d=\"M224.1 141c-63.6 0-114.9 51.3-114.9 114.9s51.3 114.9 114.9 114.9S339 319.5 339 255.9 287.7 141 224.1 141zm0 189.6c-41.1 0-74.7-33.5-74.7-74.7s33.5-74.7 74.7-74.7 74.7 33.5 74.7 74.7-33.6 74.7-74.7 74.7zm146.4-194.3c0 14.9-12 26.8-26.8 26.8-14.9 0-26.8-12-26.8-26.8s12-26.8 26.8-26.8 26.8 12 26.8 26.8zm76.1 27.2c-1.7-35.9-9.9-67.7-36.2-93.9-26.2-26.2-58-34.4-93.9-36.2-37-2.1-147.9-2.1-184.9 0-35.8 1.7-67.6 9.9-93.9 36.1s-34.4 58-36.2 93.9c-2.1 37-2.1 147.9 0 184.9 1.7 35.9 9.9 67.7 36.2 93.9s58 34.4 93.9 36.2c37 2.1 147.9 2.1 184.9 0 35.9-1.7 67.7-9.9 93.9-36.2 26.2-26.2 34.4-58 36.2-93.9 2.1-37 2.1-147.8 0-184.8zM398.8 388c-7.8 19.6-22.9 34.7-42.6 42.6-29.5 11.7-99.5 9-132.1 9s-102.7 2.6-132.1-9c-19.6-7.8-34.7-22.9-42.6-42.6-11.7-29.5-9-99.5-9-132.1s-2.6-102.7 9-132.1c7.8-19.6 22.9-34.7 42.6-42.6 29.5-11.7 99.5-9 132.1-9s102.7-2.6 132.1 9c19.6 7.8 34.7 22.9 42.6 42.6 11.7 29.5 9 99.5 9 132.1s2.7 102.7-9 132.1z\"><\/path><\/svg>\t\t\t\t\t<\/a>\n\t\t\t\t<\/span>\n\t\t\t\t\t<\/div>\n\t\t\t\t\t\t<\/div>\n\t\t\t\t<\/div>\n\t\t\t\t<\/div>\n\t\t<div class=\"elementor-element elementor-element-925528a e-con-full e-flex e-con e-child\" data-id=\"925528a\" data-element_type=\"container\" data-e-type=\"container\">\n\t\t\t\t<div class=\"elementor-element elementor-element-34a5905 elementor-widget elementor-widget-heading\" data-id=\"34a5905\" data-element_type=\"widget\" data-e-type=\"widget\" data-widget_type=\"heading.default\">\n\t\t\t\t<div class=\"elementor-widget-container\">\n\t\t\t\t\t<p class=\"elementor-heading-title elementor-size-default\">Wie viele Jahre tanzt du schon?<\/p>\t\t\t\t<\/div>\n\t\t\t\t<\/div>\n\t\t\t\t<div class=\"elementor-element elementor-element-1f047f7 elementor-widget elementor-widget-text-editor\" data-id=\"1f047f7\" data-element_type=\"widget\" data-e-type=\"widget\" data-widget_type=\"text-editor.default\">\n\t\t\t\t<div class=\"elementor-widget-container\">\n\t\t\t\t\t\t\t\t\t<p><strong>Victor:<\/strong> Ich habe im Alter von 7 Jahren angefangen.<br><strong>Wilma:<\/strong> Ich habe im Alter von 6 Jahren angefangen.<\/p>\t\t\t\t\t\t\t\t<\/div>\n\t\t\t\t<\/div>\n\t\t\t\t<div class=\"elementor-element elementor-element-1d9e4a9 elementor-widget elementor-widget-heading\" data-id=\"1d9e4a9\" data-element_type=\"widget\" data-e-type=\"widget\" data-widget_type=\"heading.default\">\n\t\t\t\t<div class=\"elementor-widget-container\">\n\t\t\t\t\t<p class=\"elementor-heading-title elementor-size-default\">Was ist f\u00fcr Sie beim Tanzen am wichtigsten?<\/p>\t\t\t\t<\/div>\n\t\t\t\t<\/div>\n\t\t\t\t<div class=\"elementor-element elementor-element-32245f3 elementor-widget elementor-widget-text-editor\" data-id=\"32245f3\" data-element_type=\"widget\" data-e-type=\"widget\" data-widget_type=\"text-editor.default\">\n\t\t\t\t<div class=\"elementor-widget-container\">\n\t\t\t\t\t\t\t\t\tMusikalit\u00e4t, Groove, Improvisation und Pers\u00f6nlichkeit in Ihrem Tanz stehen bei uns immer im Vordergrund. Tanzen Sie mit der Musik und finden Sie dabei Ihren eigenen Stil. \t\t\t\t\t\t\t\t<\/div>\n\t\t\t\t<\/div>\n\t\t\t\t<div class=\"elementor-element elementor-element-2ce8b33 elementor-widget elementor-widget-heading\" data-id=\"2ce8b33\" data-element_type=\"widget\" data-e-type=\"widget\" data-widget_type=\"heading.default\">\n\t\t\t\t<div class=\"elementor-widget-container\">\n\t\t\t\t\t<p class=\"elementor-heading-title elementor-size-default\">Sie haben an nationalen, europ\u00e4ischen und Weltmeisterschaften teilgenommen. Was w\u00fcrden Sie gerne noch erreichen, wenn alles m\u00f6glich w\u00e4re? <\/p>\t\t\t\t<\/div>\n\t\t\t\t<\/div>\n\t\t\t\t<div class=\"elementor-element elementor-element-387f36f elementor-widget elementor-widget-text-editor\" data-id=\"387f36f\" data-element_type=\"widget\" data-e-type=\"widget\" data-widget_type=\"text-editor.default\">\n\t\t\t\t<div class=\"elementor-widget-container\">\n\t\t\t\t\t\t\t\t\tVerbreiten Sie die Geschichte, die Freude und die kulturelle Bedeutung des Tanzes unter den Menschen!\t\t\t\t\t\t\t\t<\/div>\n\t\t\t\t<\/div>\n\t\t\t\t<div class=\"elementor-element elementor-element-1d6435a elementor-widget elementor-widget-heading\" data-id=\"1d6435a\" data-element_type=\"widget\" data-e-type=\"widget\" data-widget_type=\"heading.default\">\n\t\t\t\t<div class=\"elementor-widget-container\">\n\t\t\t\t\t<p class=\"elementor-heading-title elementor-size-default\">Was macht Ihnen beim Unterrichten von Tanz am meisten Spa\u00df (Techniken, Figuren, Luftakrobatik und so weiter)?<\/p>\t\t\t\t<\/div>\n\t\t\t\t<\/div>\n\t\t\t\t<div class=\"elementor-element elementor-element-8ee10fd elementor-widget elementor-widget-text-editor\" data-id=\"8ee10fd\" data-element_type=\"widget\" data-e-type=\"widget\" data-widget_type=\"text-editor.default\">\n\t\t\t\t<div class=\"elementor-widget-container\">\n\t\t\t\t\t\t\t\t\tTanzen Sie zusammen mit Ihrem Partner, Groove, Musikalit\u00e4t und pers\u00f6nlicher Stil sind unsere Favoriten.\t\t\t\t\t\t\t\t<\/div>\n\t\t\t\t<\/div>\n\t\t\t\t<div class=\"elementor-element elementor-element-fc89cee elementor-widget elementor-widget-heading\" data-id=\"fc89cee\" data-element_type=\"widget\" data-e-type=\"widget\" data-widget_type=\"heading.default\">\n\t\t\t\t<div class=\"elementor-widget-container\">\n\t\t\t\t\t<p class=\"elementor-heading-title elementor-size-default\">An welches Tanzerlebnis werden Sie sich immer erinnern? Werden Sie es mit uns teilen? <\/p>\t\t\t\t<\/div>\n\t\t\t\t<\/div>\n\t\t\t\t<div class=\"elementor-element elementor-element-dfc2b58 elementor-widget elementor-widget-text-editor\" data-id=\"dfc2b58\" data-element_type=\"widget\" data-e-type=\"widget\" data-widget_type=\"text-editor.default\">\n\t\t\t\t<div class=\"elementor-widget-container\">\n\t\t\t\t\t\t\t\t\tDer Gewinn der Weltmeisterschaft 2023 mit unseren Eltern im Tanzsaal und all die Liebe und Unterst\u00fctzung von unseren Freunden und Teammitgliedern.\t\t\t\t\t\t\t\t<\/div>\n\t\t\t\t<\/div>\n\t\t\t\t<div class=\"elementor-element elementor-element-e1b1e93 elementor-widget elementor-widget-video\" data-id=\"e1b1e93\" data-element_type=\"widget\" data-e-type=\"widget\" data-settings=\"{&quot;youtube_url&quot;:&quot;https:\\\/\\\/www.youtube.com\\\/watch?v=NH3fgu2puxs&quot;,&quot;lazy_load&quot;:&quot;yes&quot;,&quot;video_type&quot;:&quot;youtube&quot;,&quot;controls&quot;:&quot;yes&quot;}\" data-widget_type=\"video.default\">\n\t\t\t\t<div class=\"elementor-widget-container\">\n\t\t\t\t\t\t\t<div class=\"elementor-wrapper elementor-open-inline\">\n\t\t\t<div class=\"elementor-video\"><\/div>\t\t<\/div>\n\t\t\t\t\t\t<\/div>\n\t\t\t\t<\/div>\n\t\t\t\t<div class=\"elementor-element elementor-element-2858dff elementor-widget elementor-widget-video\" data-id=\"2858dff\" data-element_type=\"widget\" data-e-type=\"widget\" data-settings=\"{&quot;youtube_url&quot;:&quot;https:\\\/\\\/www.youtube.com\\\/watch?v=wMDJtdQ--ns&quot;,&quot;lazy_load&quot;:&quot;yes&quot;,&quot;video_type&quot;:&quot;youtube&quot;,&quot;controls&quot;:&quot;yes&quot;}\" data-widget_type=\"video.default\">\n\t\t\t\t<div class=\"elementor-widget-container\">\n\t\t\t\t\t\t\t<div class=\"elementor-wrapper elementor-open-inline\">\n\t\t\t<div class=\"elementor-video\"><\/div>\t\t<\/div>\n\t\t\t\t\t\t<\/div>\n\t\t\t\t<\/div>\n\t\t\t\t<\/div>\n\t\t\t\t\t<\/div>\n\t\t\t\t<\/div>\n\t\t\t\t<\/div>\n\t\t","protected":false},"excerpt":{"rendered":"<p>Victor und Wilma Dancing siblings from the North! Facebook Instagram Wie viele Jahre tanzt du schon? Victor: Ich habe im Alter von 7 Jahren angefangen.Wilma: Ich habe im Alter von 6 Jahren angefangen. Was ist f\u00fcr Sie beim Tanzen am wichtigsten? Musikalit\u00e4t, Groove, Improvisation und Pers\u00f6nlichkeit in Ihrem Tanz stehen bei uns immer im Vordergrund. [&hellip;]<\/p>\n","protected":false},"author":2,"featured_media":0,"parent":0,"menu_order":0,"comment_status":"closed","ping_status":"closed","template":"","meta":{"_acf_changed":false,"_monsterinsights_skip_tracking":false,"_monsterinsights_sitenote_active":false,"_monsterinsights_sitenote_note":"","_monsterinsights_sitenote_category":0,"footnotes":""},"class_list":["post-3109","page","type-page","status-publish","hentry"],"acf":[],"yoast_head":"<!-- This site is optimized with the Yoast SEO plugin v27.3 - https:\/\/yoast.com\/product\/yoast-seo-wordpress\/ -->\n<title>Boogie Woogie und Lindy Hop - Triple Step Madness - Victor und Wilma<\/title>\n<meta name=\"description\" content=\"De Rijper Eilanden. Ein ganzes Wochenende Swing-Tanzen (Boogie Woogie und Lindy Hop). Workshops mit internationalen Lehrern.\" \/>\n<meta name=\"robots\" content=\"index, follow, max-snippet:-1, max-image-preview:large, max-video-preview:-1\" \/>\n<link rel=\"canonical\" href=\"https:\/\/triplestepmadness.nl\/de\/flora-und-thorbjorn-2\/\" \/>\n<meta property=\"og:locale\" content=\"de_DE\" \/>\n<meta property=\"og:type\" content=\"article\" \/>\n<meta property=\"og:title\" content=\"Boogie Woogie und Lindy Hop - Triple Step Madness - Victor und Wilma\" \/>\n<meta property=\"og:description\" content=\"De Rijper Eilanden. Ein ganzes Wochenende Swing-Tanzen (Boogie Woogie und Lindy Hop). Workshops mit internationalen Lehrern.\" \/>\n<meta property=\"og:url\" content=\"https:\/\/triplestepmadness.nl\/de\/flora-und-thorbjorn-2\/\" \/>\n<meta property=\"og:site_name\" content=\"Triple Step Madness\" \/>\n<meta property=\"article:modified_time\" content=\"2026-01-04T11:09:15+00:00\" \/>\n<meta property=\"og:image\" content=\"https:\/\/triplestepmadness.nl\/wp-content\/uploads\/triple-step-madness-logo-2026-768x710.png\" \/>\n<meta name=\"twitter:card\" content=\"summary_large_image\" \/>\n<meta name=\"twitter:label1\" content=\"Gesch\u00e4tzte Lesezeit\" \/>\n\t<meta name=\"twitter:data1\" content=\"1\u00a0Minute\" \/>\n<script type=\"application\/ld+json\" class=\"yoast-schema-graph\">{\"@context\":\"https:\\\/\\\/schema.org\",\"@graph\":[{\"@type\":\"WebPage\",\"@id\":\"https:\\\/\\\/triplestepmadness.nl\\\/de\\\/flora-und-thorbjorn-2\\\/\",\"url\":\"https:\\\/\\\/triplestepmadness.nl\\\/de\\\/flora-und-thorbjorn-2\\\/\",\"name\":\"Boogie Woogie und Lindy Hop - Triple Step Madness - Victor und Wilma\",\"isPartOf\":{\"@id\":\"https:\\\/\\\/triplestepmadness.nl\\\/de\\\/#website\"},\"primaryImageOfPage\":{\"@id\":\"https:\\\/\\\/triplestepmadness.nl\\\/de\\\/flora-und-thorbjorn-2\\\/#primaryimage\"},\"image\":{\"@id\":\"https:\\\/\\\/triplestepmadness.nl\\\/de\\\/flora-und-thorbjorn-2\\\/#primaryimage\"},\"thumbnailUrl\":\"https:\\\/\\\/triplestepmadness.nl\\\/wp-content\\\/uploads\\\/triple-step-madness-logo-2026-768x710.png\",\"datePublished\":\"2025-07-09T16:48:23+00:00\",\"dateModified\":\"2026-01-04T11:09:15+00:00\",\"description\":\"De Rijper Eilanden. Ein ganzes Wochenende Swing-Tanzen (Boogie Woogie und Lindy Hop). Workshops mit internationalen Lehrern.\",\"breadcrumb\":{\"@id\":\"https:\\\/\\\/triplestepmadness.nl\\\/de\\\/flora-und-thorbjorn-2\\\/#breadcrumb\"},\"inLanguage\":\"de\",\"potentialAction\":[{\"@type\":\"ReadAction\",\"target\":[\"https:\\\/\\\/triplestepmadness.nl\\\/de\\\/flora-und-thorbjorn-2\\\/\"]}]},{\"@type\":\"ImageObject\",\"inLanguage\":\"de\",\"@id\":\"https:\\\/\\\/triplestepmadness.nl\\\/de\\\/flora-und-thorbjorn-2\\\/#primaryimage\",\"url\":\"https:\\\/\\\/triplestepmadness.nl\\\/wp-content\\\/uploads\\\/triple-step-madness-logo-2026-768x710.png\",\"contentUrl\":\"https:\\\/\\\/triplestepmadness.nl\\\/wp-content\\\/uploads\\\/triple-step-madness-logo-2026-768x710.png\"},{\"@type\":\"BreadcrumbList\",\"@id\":\"https:\\\/\\\/triplestepmadness.nl\\\/de\\\/flora-und-thorbjorn-2\\\/#breadcrumb\",\"itemListElement\":[{\"@type\":\"ListItem\",\"position\":1,\"name\":\"Home\",\"item\":\"https:\\\/\\\/triplestepmadness.nl\\\/de\\\/\"},{\"@type\":\"ListItem\",\"position\":2,\"name\":\"Victor und Wilma\"}]},{\"@type\":\"WebSite\",\"@id\":\"https:\\\/\\\/triplestepmadness.nl\\\/de\\\/#website\",\"url\":\"https:\\\/\\\/triplestepmadness.nl\\\/de\\\/\",\"name\":\"Triple Step Madness\",\"description\":\"\",\"publisher\":{\"@id\":\"https:\\\/\\\/triplestepmadness.nl\\\/de\\\/#organization\"},\"potentialAction\":[{\"@type\":\"SearchAction\",\"target\":{\"@type\":\"EntryPoint\",\"urlTemplate\":\"https:\\\/\\\/triplestepmadness.nl\\\/de\\\/?s={search_term_string}\"},\"query-input\":{\"@type\":\"PropertyValueSpecification\",\"valueRequired\":true,\"valueName\":\"search_term_string\"}}],\"inLanguage\":\"de\"},{\"@type\":\"Organization\",\"@id\":\"https:\\\/\\\/triplestepmadness.nl\\\/de\\\/#organization\",\"name\":\"Triple Step Madness\",\"url\":\"https:\\\/\\\/triplestepmadness.nl\\\/de\\\/\",\"logo\":{\"@type\":\"ImageObject\",\"inLanguage\":\"de\",\"@id\":\"https:\\\/\\\/triplestepmadness.nl\\\/de\\\/#\\\/schema\\\/logo\\\/image\\\/\",\"url\":\"https:\\\/\\\/triplestepmadness.nl\\\/wp-content\\\/uploads\\\/triple-step-madness-logo-2025.png\",\"contentUrl\":\"https:\\\/\\\/triplestepmadness.nl\\\/wp-content\\\/uploads\\\/triple-step-madness-logo-2025.png\",\"width\":2000,\"height\":1850,\"caption\":\"Triple Step Madness\"},\"image\":{\"@id\":\"https:\\\/\\\/triplestepmadness.nl\\\/de\\\/#\\\/schema\\\/logo\\\/image\\\/\"}}]}<\/script>\n<!-- \/ Yoast SEO plugin. -->","yoast_head_json":{"title":"Boogie Woogie und Lindy Hop - Triple Step Madness - Victor und Wilma","description":"De Rijper Eilanden. Ein ganzes Wochenende Swing-Tanzen (Boogie Woogie und Lindy Hop). Workshops mit internationalen Lehrern.","robots":{"index":"index","follow":"follow","max-snippet":"max-snippet:-1","max-image-preview":"max-image-preview:large","max-video-preview":"max-video-preview:-1"},"canonical":"https:\/\/triplestepmadness.nl\/de\/flora-und-thorbjorn-2\/","og_locale":"de_DE","og_type":"article","og_title":"Boogie Woogie und Lindy Hop - Triple Step Madness - Victor und Wilma","og_description":"De Rijper Eilanden. Ein ganzes Wochenende Swing-Tanzen (Boogie Woogie und Lindy Hop). Workshops mit internationalen Lehrern.","og_url":"https:\/\/triplestepmadness.nl\/de\/flora-und-thorbjorn-2\/","og_site_name":"Triple Step Madness","article_modified_time":"2026-01-04T11:09:15+00:00","og_image":[{"url":"https:\/\/triplestepmadness.nl\/wp-content\/uploads\/triple-step-madness-logo-2026-768x710.png","type":"","width":"","height":""}],"twitter_card":"summary_large_image","twitter_misc":{"Gesch\u00e4tzte Lesezeit":"1\u00a0Minute"},"schema":{"@context":"https:\/\/schema.org","@graph":[{"@type":"WebPage","@id":"https:\/\/triplestepmadness.nl\/de\/flora-und-thorbjorn-2\/","url":"https:\/\/triplestepmadness.nl\/de\/flora-und-thorbjorn-2\/","name":"Boogie Woogie und Lindy Hop - Triple Step Madness - Victor und Wilma","isPartOf":{"@id":"https:\/\/triplestepmadness.nl\/de\/#website"},"primaryImageOfPage":{"@id":"https:\/\/triplestepmadness.nl\/de\/flora-und-thorbjorn-2\/#primaryimage"},"image":{"@id":"https:\/\/triplestepmadness.nl\/de\/flora-und-thorbjorn-2\/#primaryimage"},"thumbnailUrl":"https:\/\/triplestepmadness.nl\/wp-content\/uploads\/triple-step-madness-logo-2026-768x710.png","datePublished":"2025-07-09T16:48:23+00:00","dateModified":"2026-01-04T11:09:15+00:00","description":"De Rijper Eilanden. Ein ganzes Wochenende Swing-Tanzen (Boogie Woogie und Lindy Hop). Workshops mit internationalen Lehrern.","breadcrumb":{"@id":"https:\/\/triplestepmadness.nl\/de\/flora-und-thorbjorn-2\/#breadcrumb"},"inLanguage":"de","potentialAction":[{"@type":"ReadAction","target":["https:\/\/triplestepmadness.nl\/de\/flora-und-thorbjorn-2\/"]}]},{"@type":"ImageObject","inLanguage":"de","@id":"https:\/\/triplestepmadness.nl\/de\/flora-und-thorbjorn-2\/#primaryimage","url":"https:\/\/triplestepmadness.nl\/wp-content\/uploads\/triple-step-madness-logo-2026-768x710.png","contentUrl":"https:\/\/triplestepmadness.nl\/wp-content\/uploads\/triple-step-madness-logo-2026-768x710.png"},{"@type":"BreadcrumbList","@id":"https:\/\/triplestepmadness.nl\/de\/flora-und-thorbjorn-2\/#breadcrumb","itemListElement":[{"@type":"ListItem","position":1,"name":"Home","item":"https:\/\/triplestepmadness.nl\/de\/"},{"@type":"ListItem","position":2,"name":"Victor und Wilma"}]},{"@type":"WebSite","@id":"https:\/\/triplestepmadness.nl\/de\/#website","url":"https:\/\/triplestepmadness.nl\/de\/","name":"Triple Step Madness","description":"","publisher":{"@id":"https:\/\/triplestepmadness.nl\/de\/#organization"},"potentialAction":[{"@type":"SearchAction","target":{"@type":"EntryPoint","urlTemplate":"https:\/\/triplestepmadness.nl\/de\/?s={search_term_string}"},"query-input":{"@type":"PropertyValueSpecification","valueRequired":true,"valueName":"search_term_string"}}],"inLanguage":"de"},{"@type":"Organization","@id":"https:\/\/triplestepmadness.nl\/de\/#organization","name":"Triple Step Madness","url":"https:\/\/triplestepmadness.nl\/de\/","logo":{"@type":"ImageObject","inLanguage":"de","@id":"https:\/\/triplestepmadness.nl\/de\/#\/schema\/logo\/image\/","url":"https:\/\/triplestepmadness.nl\/wp-content\/uploads\/triple-step-madness-logo-2025.png","contentUrl":"https:\/\/triplestepmadness.nl\/wp-content\/uploads\/triple-step-madness-logo-2025.png","width":2000,"height":1850,"caption":"Triple Step Madness"},"image":{"@id":"https:\/\/triplestepmadness.nl\/de\/#\/schema\/logo\/image\/"}}]}},"_links":{"self":[{"href":"https:\/\/triplestepmadness.nl\/de\/wp-json\/wp\/v2\/pages\/3109","targetHints":{"allow":["GET"]}}],"collection":[{"href":"https:\/\/triplestepmadness.nl\/de\/wp-json\/wp\/v2\/pages"}],"about":[{"href":"https:\/\/triplestepmadness.nl\/de\/wp-json\/wp\/v2\/types\/page"}],"author":[{"embeddable":true,"href":"https:\/\/triplestepmadness.nl\/de\/wp-json\/wp\/v2\/users\/2"}],"replies":[{"embeddable":true,"href":"https:\/\/triplestepmadness.nl\/de\/wp-json\/wp\/v2\/comments?post=3109"}],"version-history":[{"count":4,"href":"https:\/\/triplestepmadness.nl\/de\/wp-json\/wp\/v2\/pages\/3109\/revisions"}],"predecessor-version":[{"id":4458,"href":"https:\/\/triplestepmadness.nl\/de\/wp-json\/wp\/v2\/pages\/3109\/revisions\/4458"}],"wp:attachment":[{"href":"https:\/\/triplestepmadness.nl\/de\/wp-json\/wp\/v2\/media?parent=3109"}],"curies":[{"name":"wp","href":"https:\/\/api.w.org\/{rel}","templated":true}]}}