{"id":1488,"date":"2024-09-08T12:28:31","date_gmt":"2024-09-08T12:28:31","guid":{"rendered":"http:\/\/triplestepmadness.nl\/?page_id=1488"},"modified":"2025-10-07T20:34:21","modified_gmt":"2025-10-07T20:34:21","slug":"allgemeine-geschaeftsbedingungen","status":"publish","type":"page","link":"https:\/\/triplestepmadness.nl\/de\/allgemeine-geschaeftsbedingungen\/","title":{"rendered":"Allgemeine Gesch\u00e4ftsbedingungen"},"content":{"rendered":"\t\t<div data-elementor-type=\"wp-page\" data-elementor-id=\"1488\" class=\"elementor elementor-1488 elementor-1486\" data-elementor-post-type=\"page\">\n\t\t\t\t<div class=\"elementor-element elementor-element-f63863b e-con-full e-flex e-con e-parent\" data-id=\"f63863b\" data-element_type=\"container\" data-e-type=\"container\" data-settings=\"{&quot;background_background&quot;:&quot;classic&quot;}\">\n\t\t<div class=\"elementor-element elementor-element-f55ef54 e-con-full e-flex e-con e-child\" data-id=\"f55ef54\" data-element_type=\"container\" data-e-type=\"container\" data-settings=\"{&quot;background_background&quot;:&quot;classic&quot;}\">\n\t\t\t\t<div class=\"elementor-element elementor-element-c3b21cc elementor-widget__width-initial elementor-widget elementor-widget-image\" data-id=\"c3b21cc\" data-element_type=\"widget\" data-e-type=\"widget\" data-settings=\"{&quot;motion_fx_motion_fx_mouse&quot;:&quot;yes&quot;,&quot;motion_fx_tilt_effect&quot;:&quot;yes&quot;,&quot;motion_fx_tilt_speed&quot;:{&quot;unit&quot;:&quot;px&quot;,&quot;size&quot;:3,&quot;sizes&quot;:[]},&quot;motion_fx_mouseTrack_effect&quot;:&quot;yes&quot;,&quot;motion_fx_mouseTrack_speed&quot;:{&quot;unit&quot;:&quot;px&quot;,&quot;size&quot;:0.3,&quot;sizes&quot;:[]}}\" data-widget_type=\"image.default\">\n\t\t\t\t<div class=\"elementor-widget-container\">\n\t\t\t\t\t\t\t\t\t\t\t\t\t\t\t<img fetchpriority=\"high\" decoding=\"async\" width=\"768\" height=\"710\" src=\"https:\/\/triplestepmadness.nl\/wp-content\/uploads\/triple-step-madness-logo-2025-768x710.png\" class=\"attachment-medium_large size-medium_large wp-image-308\" alt=\"Lindy hop, Boogie woogie en Swingdance - Triple Step Madness - Logo 2025\" srcset=\"https:\/\/triplestepmadness.nl\/wp-content\/uploads\/triple-step-madness-logo-2025-768x710.png 768w, https:\/\/triplestepmadness.nl\/wp-content\/uploads\/triple-step-madness-logo-2025-600x555.png 600w, https:\/\/triplestepmadness.nl\/wp-content\/uploads\/triple-step-madness-logo-2025-300x278.png 300w, https:\/\/triplestepmadness.nl\/wp-content\/uploads\/triple-step-madness-logo-2025-1024x947.png 1024w, https:\/\/triplestepmadness.nl\/wp-content\/uploads\/triple-step-madness-logo-2025-1536x1421.png 1536w, https:\/\/triplestepmadness.nl\/wp-content\/uploads\/triple-step-madness-logo-2025.png 2000w\" sizes=\"(max-width: 768px) 100vw, 768px\" \/>\t\t\t\t\t\t\t\t\t\t\t\t\t\t\t<\/div>\n\t\t\t\t<\/div>\n\t\t\t\t<\/div>\n\t\t<div class=\"elementor-element elementor-element-6a2ccb0 e-con-full e-flex e-con e-child\" data-id=\"6a2ccb0\" data-element_type=\"container\" data-e-type=\"container\">\n\t\t\t\t<div class=\"elementor-element elementor-element-4cbf1e1 elementor-widget__width-initial elementor-widget elementor-widget-heading\" data-id=\"4cbf1e1\" data-element_type=\"widget\" data-e-type=\"widget\" data-widget_type=\"heading.default\">\n\t\t\t\t<div class=\"elementor-widget-container\">\n\t\t\t\t\t<h1 class=\"elementor-heading-title elementor-size-default\">Allgemeine Gesch\u00e4ftsbedingungen<\/h1>\t\t\t\t<\/div>\n\t\t\t\t<\/div>\n\t\t\t\t<\/div>\n\t\t<div class=\"elementor-element elementor-element-f1b56c1 e-flex e-con-boxed e-con e-child\" data-id=\"f1b56c1\" data-element_type=\"container\" data-e-type=\"container\">\n\t\t\t\t\t<div class=\"e-con-inner\">\n\t\t\t\t<div class=\"elementor-element elementor-element-81781fe elementor-widget elementor-widget-text-editor\" data-id=\"81781fe\" data-element_type=\"widget\" data-e-type=\"widget\" data-widget_type=\"text-editor.default\">\n\t\t\t\t<div class=\"elementor-widget-container\">\n\t\t\t\t\t\t\t\t\t<p><strong>Allgemeine Informationen<\/strong><\/p>\n<p>Diese Allgemeinen Gesch\u00e4ftsbedingungen gelten f\u00fcr die von der Stichting Swing Collective erbrachten Dienstleistungen und Vertr\u00e4ge. Mit der Registrierung, dem Kauf deines Tickets und der Teilnahme an Triple Step Madness erkl\u00e4rst du dich einverstanden mit:<\/p>\n<ul>\n<li>Den Allgemeinen Gesch\u00e4ftsbedingungen von Triple Step Madness<\/li>\n<li>Der Nutzung von w\u00e4hrend Triple Step Madness aufgenommenen Fotos f\u00fcr zuk\u00fcnftige Werbezwecke, die m\u00f6glicherweise auf Facebook und anderen Medien erscheinen.<\/li>\n<li>Dem Verhalten gem\u00e4\u00df unserem <a href=\"https:\/\/triplestepmadness.nl\/de\/verhaltenskodex\/\">Verhaltenskodex<\/a>.<\/li>\n<\/ul>\n<p><strong>Haftung<\/strong><\/p>\n<ul>\n<li>Triple Step Madness haftet nicht f\u00fcr Diebstahl oder Verlust von Gegenst\u00e4nden. Fundsachen werden f\u00fcr einen bestimmten Zeitraum am Veranstaltungsort oder der Besucheradresse aufbewahrt.<\/li>\n<li>Mit der Zustimmung zu den Allgemeinen Gesch\u00e4ftsbedingungen erkl\u00e4rst du, dass du keine medizinischen Einschr\u00e4nkungen wie Herz-, Lungen- oder Gef\u00e4\u00dferkrankungen hast. Falls dies der Fall ist, bespreche bitte im Voraus die Risiken mit den Instruktoren. Besprich vor der Stunde eventuelle bestehende Verletzungen oder Einschr\u00e4nkungen mit dem Kursleiter.<\/li>\n<li>Unsere Tanzkurse und Veranstaltungen sind k\u00f6rperliche Aktivit\u00e4ten. Die Teilnahme an k\u00f6rperlichen Aktivit\u00e4ten birgt das Risiko von Verletzungen und\/oder Sch\u00e4den. Triple Step Madness schlie\u00dft jede Haftung f\u00fcr Sch\u00e4den und k\u00f6rperliche Verletzungen aus, sowohl f\u00fcr Besucher\/Teilnehmer als auch f\u00fcr anwesende Dritte, es sei denn, es ist durch zwingendes Recht anders festgelegt.<\/li>\n<\/ul>\n<p><strong>H\u00f6here Gewalt<\/strong><\/p>\n<ul>\n<li>Im Falle h\u00f6herer Gewalt k\u00f6nnen wir unsere Verpflichtungen nicht erf\u00fcllen. Du kannst keinen Anspruch auf Schadensersatz erheben.<\/li>\n<\/ul>\n<p><strong>Registrierung und Workshops<\/strong><\/p>\n<ul>\n<li>Dein Ticket ist best\u00e4tigt, sobald die Zahlung per Registrierungs-\/Zahlungsbest\u00e4tigung per E-Mail abgeschlossen ist.<\/li>\n<li>Es ist nicht n\u00f6tig, die E-Mail auszudrucken, du stehst auf der Teilnehmerliste, aber es ist gut, die E-Mail aufzubewahren, deinen Ausweis dabei zu haben und den Buchungslink griffbereit zu halten.<\/li>\n<li>Pro Buchung kannst du nur ein Ticket registrieren. Wenn du mehr Tickets kaufen m\u00f6chtest, ist dies \u00fcber eine neue Registrierungsbuchung m\u00f6glich.<\/li>\n<\/ul>\n<p><strong>Sicherheit<\/strong><\/p>\n<ul>\n<li>Triple Step Madness bem\u00fcht sich um die Sicherheit der Veranstaltungsteilnehmer. Wir haben eine Null-Toleranz-Politik gegen\u00fcber Verhaltensweisen, die das Leben, die Gesundheit oder die Sicherheit anderer gef\u00e4hrden k\u00f6nnten. Wir bitten jeden, der ein solches Ereignis beobachtet, sofort die Organisation oder eine benannte Sicherheitskraft zu kontaktieren.<\/li>\n<li>Triple Step Madness ist nicht verantwortlich f\u00fcr Sch\u00e4den oder Verluste pers\u00f6nlicher Gegenst\u00e4nde w\u00e4hrend des Workshops.<\/li>\n<li>Triple Step Madness haftet nicht f\u00fcr k\u00f6rperliche Verletzungen, die w\u00e4hrend der Veranstaltung entstehen.<\/li>\n<li>Die Organisation bem\u00fcht sich, ein ausgewogenes Verh\u00e4ltnis zwischen F\u00fchrung und Folge in den Klassen zu gew\u00e4hrleisten.<\/li>\n<li>Triple Step Madness beh\u00e4lt sich das Recht vor, vor und w\u00e4hrend der Veranstaltung angemessene \u00c4nderungen am Zeitplan vorzunehmen.<\/li>\n<\/ul>\n<p><strong>Stornierungsrichtlinien<\/strong><\/p>\n<ul>\n<li>Dein Ticket wird best\u00e4tigt, sobald die Zahlung erfolgt ist.<\/li>\n<li>Wenn wir eine unvollst\u00e4ndige Zahlung erhalten, behalten wir uns das Recht vor, deine Registrierung zu stornieren.<\/li>\n<li>Im Falle einer Stornierung durch den Teilnehmer wird unter keinen Umst\u00e4nden eine R\u00fcckerstattung gew\u00e4hrt.<\/li>\n<li>Wenn Sie Ihre Registrierung aus irgendeinem Grund stornieren m\u00fcssen, k\u00f6nnen Sie die Organisation per E-Mail kontaktieren:&nbsp;<a href=\"mailto:info@triplestepmadness.nl\" style=\"background-color: rgb(222, 179, 70);\">info@triplestepmadness.nl<\/a>. Die Organisation wird sich bem\u00fchen, Ihr Ticket mithilfe der Warteliste neu zu vergeben. Wenn dies erfolgreich ist, werden die (doppelten) Einnahmen an die stornierende Person \u00fcbertragen.<br><\/li>\n<li>Sollte die Veranstaltung aus unvorhergesehenen Gr\u00fcnden abgesagt werden, erstatten wir das Ticket teilweise (abh\u00e4ngig von den bereits entstandenen Kosten).<\/li>\n<\/ul>\n<p><strong>Video- und Fotoaufnahmen<\/strong><\/p>\n<ul>\n<li>Aufnahmen von Workshop-Inhalten bed\u00fcrfen der Genehmigung des Lehrers. Die Vervielf\u00e4ltigung oder Verbreitung der Inhalte von Workshops ist nur mit Zustimmung des\/der Lehrer(s) erlaubt.<\/li>\n<li>Teilnehmer haben immer das Recht, den Fotografen oder Videografen w\u00e4hrend der Veranstaltung mitzuteilen, dass sie nicht aufgenommen werden m\u00f6chten. <br>Mit der Registrierung f\u00fcr Triple Step Madness erkl\u00e4rt sich jeder Teilnehmer damit einverstanden, dass Bilder oder Videomaterial von der Veranstaltung zur \u00f6ffentlichen Berichterstattung \u00fcber die Veranstaltung oder zur Bewerbung zuk\u00fcnftiger Veranstaltungen, einschlie\u00dflich sozialer Medien und der Triple Step Madness-Website, verwendet werden d\u00fcrfen. Diese Zustimmung umfasst auch die Erlaubnis, die Aufnahmen auf unseren Webseiten zu verwenden.<\/li>\n<\/ul>\t\t\t\t\t\t\t\t<\/div>\n\t\t\t\t<\/div>\n\t\t\t\t\t<\/div>\n\t\t\t\t<\/div>\n\t\t\t\t<\/div>\n\t\t\t\t<\/div>\n\t\t","protected":false},"excerpt":{"rendered":"<p>Allgemeine Gesch\u00e4ftsbedingungen Allgemeine Informationen Diese Allgemeinen Gesch\u00e4ftsbedingungen gelten f\u00fcr die von der Stichting Swing Collective erbrachten Dienstleistungen und Vertr\u00e4ge. Mit der Registrierung, dem Kauf deines Tickets und der Teilnahme an Triple Step Madness erkl\u00e4rst du dich einverstanden mit: Den Allgemeinen Gesch\u00e4ftsbedingungen von Triple Step Madness Der Nutzung von w\u00e4hrend Triple Step Madness aufgenommenen Fotos f\u00fcr [&hellip;]<\/p>\n","protected":false},"author":2,"featured_media":0,"parent":0,"menu_order":0,"comment_status":"closed","ping_status":"closed","template":"","meta":{"_acf_changed":false,"_monsterinsights_skip_tracking":false,"_monsterinsights_sitenote_active":false,"_monsterinsights_sitenote_note":"","_monsterinsights_sitenote_category":0,"footnotes":""},"class_list":["post-1488","page","type-page","status-publish","hentry"],"acf":[],"yoast_head":"<!-- This site is optimized with the Yoast SEO plugin v27.3 - https:\/\/yoast.com\/product\/yoast-seo-wordpress\/ -->\n<title>Workshops Swingdance und Boogie woogie - Triple Step Madness - Allgemeine Gesch\u00e4ftsbedingungen<\/title>\n<meta name=\"description\" content=\"Ein Wochenende voller Swingtanz auf De Rijper Eilanden. Workshops mit internationalen Lehrern. Fantastische Bands und DJs. De Rijper Eilanden.\" \/>\n<meta name=\"robots\" content=\"index, follow, max-snippet:-1, max-image-preview:large, max-video-preview:-1\" \/>\n<link rel=\"canonical\" href=\"https:\/\/triplestepmadness.nl\/de\/allgemeine-geschaeftsbedingungen\/\" \/>\n<meta property=\"og:locale\" content=\"de_DE\" \/>\n<meta property=\"og:type\" content=\"article\" \/>\n<meta property=\"og:title\" content=\"Workshops Swingdance und Boogie woogie - Triple Step Madness - Allgemeine Gesch\u00e4ftsbedingungen\" \/>\n<meta property=\"og:description\" content=\"Ein Wochenende voller Swingtanz auf De Rijper Eilanden. Workshops mit internationalen Lehrern. Fantastische Bands und DJs. De Rijper Eilanden.\" \/>\n<meta property=\"og:url\" content=\"https:\/\/triplestepmadness.nl\/de\/allgemeine-geschaeftsbedingungen\/\" \/>\n<meta property=\"og:site_name\" content=\"Triple Step Madness\" \/>\n<meta property=\"article:modified_time\" content=\"2025-10-07T20:34:21+00:00\" \/>\n<meta property=\"og:image\" content=\"https:\/\/triplestepmadness.nl\/wp-content\/uploads\/triple-step-madness-logo-2025-768x710.png\" \/>\n<meta name=\"twitter:card\" content=\"summary_large_image\" \/>\n<meta name=\"twitter:label1\" content=\"Gesch\u00e4tzte Lesezeit\" \/>\n\t<meta name=\"twitter:data1\" content=\"4\u00a0Minuten\" \/>\n<script type=\"application\/ld+json\" class=\"yoast-schema-graph\">{\"@context\":\"https:\\\/\\\/schema.org\",\"@graph\":[{\"@type\":\"WebPage\",\"@id\":\"https:\\\/\\\/triplestepmadness.nl\\\/de\\\/allgemeine-geschaeftsbedingungen\\\/\",\"url\":\"https:\\\/\\\/triplestepmadness.nl\\\/de\\\/allgemeine-geschaeftsbedingungen\\\/\",\"name\":\"Workshops Swingdance und Boogie woogie - Triple Step Madness - Allgemeine Gesch\u00e4ftsbedingungen\",\"isPartOf\":{\"@id\":\"https:\\\/\\\/triplestepmadness.nl\\\/de\\\/#website\"},\"primaryImageOfPage\":{\"@id\":\"https:\\\/\\\/triplestepmadness.nl\\\/de\\\/allgemeine-geschaeftsbedingungen\\\/#primaryimage\"},\"image\":{\"@id\":\"https:\\\/\\\/triplestepmadness.nl\\\/de\\\/allgemeine-geschaeftsbedingungen\\\/#primaryimage\"},\"thumbnailUrl\":\"https:\\\/\\\/triplestepmadness.nl\\\/wp-content\\\/uploads\\\/triple-step-madness-logo-2025-768x710.png\",\"datePublished\":\"2024-09-08T12:28:31+00:00\",\"dateModified\":\"2025-10-07T20:34:21+00:00\",\"description\":\"Ein Wochenende voller Swingtanz auf De Rijper Eilanden. Workshops mit internationalen Lehrern. Fantastische Bands und DJs. De Rijper Eilanden.\",\"breadcrumb\":{\"@id\":\"https:\\\/\\\/triplestepmadness.nl\\\/de\\\/allgemeine-geschaeftsbedingungen\\\/#breadcrumb\"},\"inLanguage\":\"de\",\"potentialAction\":[{\"@type\":\"ReadAction\",\"target\":[\"https:\\\/\\\/triplestepmadness.nl\\\/de\\\/allgemeine-geschaeftsbedingungen\\\/\"]}]},{\"@type\":\"ImageObject\",\"inLanguage\":\"de\",\"@id\":\"https:\\\/\\\/triplestepmadness.nl\\\/de\\\/allgemeine-geschaeftsbedingungen\\\/#primaryimage\",\"url\":\"https:\\\/\\\/triplestepmadness.nl\\\/wp-content\\\/uploads\\\/triple-step-madness-logo-2025-768x710.png\",\"contentUrl\":\"https:\\\/\\\/triplestepmadness.nl\\\/wp-content\\\/uploads\\\/triple-step-madness-logo-2025-768x710.png\"},{\"@type\":\"BreadcrumbList\",\"@id\":\"https:\\\/\\\/triplestepmadness.nl\\\/de\\\/allgemeine-geschaeftsbedingungen\\\/#breadcrumb\",\"itemListElement\":[{\"@type\":\"ListItem\",\"position\":1,\"name\":\"Home\",\"item\":\"https:\\\/\\\/triplestepmadness.nl\\\/de\\\/\"},{\"@type\":\"ListItem\",\"position\":2,\"name\":\"Allgemeine Gesch\u00e4ftsbedingungen\"}]},{\"@type\":\"WebSite\",\"@id\":\"https:\\\/\\\/triplestepmadness.nl\\\/de\\\/#website\",\"url\":\"https:\\\/\\\/triplestepmadness.nl\\\/de\\\/\",\"name\":\"Triple Step Madness\",\"description\":\"\",\"publisher\":{\"@id\":\"https:\\\/\\\/triplestepmadness.nl\\\/de\\\/#organization\"},\"potentialAction\":[{\"@type\":\"SearchAction\",\"target\":{\"@type\":\"EntryPoint\",\"urlTemplate\":\"https:\\\/\\\/triplestepmadness.nl\\\/de\\\/?s={search_term_string}\"},\"query-input\":{\"@type\":\"PropertyValueSpecification\",\"valueRequired\":true,\"valueName\":\"search_term_string\"}}],\"inLanguage\":\"de\"},{\"@type\":\"Organization\",\"@id\":\"https:\\\/\\\/triplestepmadness.nl\\\/de\\\/#organization\",\"name\":\"Triple Step Madness\",\"url\":\"https:\\\/\\\/triplestepmadness.nl\\\/de\\\/\",\"logo\":{\"@type\":\"ImageObject\",\"inLanguage\":\"de\",\"@id\":\"https:\\\/\\\/triplestepmadness.nl\\\/de\\\/#\\\/schema\\\/logo\\\/image\\\/\",\"url\":\"https:\\\/\\\/triplestepmadness.nl\\\/wp-content\\\/uploads\\\/triple-step-madness-logo-2025.png\",\"contentUrl\":\"https:\\\/\\\/triplestepmadness.nl\\\/wp-content\\\/uploads\\\/triple-step-madness-logo-2025.png\",\"width\":2000,\"height\":1850,\"caption\":\"Triple Step Madness\"},\"image\":{\"@id\":\"https:\\\/\\\/triplestepmadness.nl\\\/de\\\/#\\\/schema\\\/logo\\\/image\\\/\"}}]}<\/script>\n<!-- \/ Yoast SEO plugin. -->","yoast_head_json":{"title":"Workshops Swingdance und Boogie woogie - Triple Step Madness - Allgemeine Gesch\u00e4ftsbedingungen","description":"Ein Wochenende voller Swingtanz auf De Rijper Eilanden. Workshops mit internationalen Lehrern. Fantastische Bands und DJs. De Rijper Eilanden.","robots":{"index":"index","follow":"follow","max-snippet":"max-snippet:-1","max-image-preview":"max-image-preview:large","max-video-preview":"max-video-preview:-1"},"canonical":"https:\/\/triplestepmadness.nl\/de\/allgemeine-geschaeftsbedingungen\/","og_locale":"de_DE","og_type":"article","og_title":"Workshops Swingdance und Boogie woogie - Triple Step Madness - Allgemeine Gesch\u00e4ftsbedingungen","og_description":"Ein Wochenende voller Swingtanz auf De Rijper Eilanden. Workshops mit internationalen Lehrern. Fantastische Bands und DJs. De Rijper Eilanden.","og_url":"https:\/\/triplestepmadness.nl\/de\/allgemeine-geschaeftsbedingungen\/","og_site_name":"Triple Step Madness","article_modified_time":"2025-10-07T20:34:21+00:00","og_image":[{"url":"https:\/\/triplestepmadness.nl\/wp-content\/uploads\/triple-step-madness-logo-2025-768x710.png","type":"","width":"","height":""}],"twitter_card":"summary_large_image","twitter_misc":{"Gesch\u00e4tzte Lesezeit":"4\u00a0Minuten"},"schema":{"@context":"https:\/\/schema.org","@graph":[{"@type":"WebPage","@id":"https:\/\/triplestepmadness.nl\/de\/allgemeine-geschaeftsbedingungen\/","url":"https:\/\/triplestepmadness.nl\/de\/allgemeine-geschaeftsbedingungen\/","name":"Workshops Swingdance und Boogie woogie - Triple Step Madness - Allgemeine Gesch\u00e4ftsbedingungen","isPartOf":{"@id":"https:\/\/triplestepmadness.nl\/de\/#website"},"primaryImageOfPage":{"@id":"https:\/\/triplestepmadness.nl\/de\/allgemeine-geschaeftsbedingungen\/#primaryimage"},"image":{"@id":"https:\/\/triplestepmadness.nl\/de\/allgemeine-geschaeftsbedingungen\/#primaryimage"},"thumbnailUrl":"https:\/\/triplestepmadness.nl\/wp-content\/uploads\/triple-step-madness-logo-2025-768x710.png","datePublished":"2024-09-08T12:28:31+00:00","dateModified":"2025-10-07T20:34:21+00:00","description":"Ein Wochenende voller Swingtanz auf De Rijper Eilanden. Workshops mit internationalen Lehrern. Fantastische Bands und DJs. De Rijper Eilanden.","breadcrumb":{"@id":"https:\/\/triplestepmadness.nl\/de\/allgemeine-geschaeftsbedingungen\/#breadcrumb"},"inLanguage":"de","potentialAction":[{"@type":"ReadAction","target":["https:\/\/triplestepmadness.nl\/de\/allgemeine-geschaeftsbedingungen\/"]}]},{"@type":"ImageObject","inLanguage":"de","@id":"https:\/\/triplestepmadness.nl\/de\/allgemeine-geschaeftsbedingungen\/#primaryimage","url":"https:\/\/triplestepmadness.nl\/wp-content\/uploads\/triple-step-madness-logo-2025-768x710.png","contentUrl":"https:\/\/triplestepmadness.nl\/wp-content\/uploads\/triple-step-madness-logo-2025-768x710.png"},{"@type":"BreadcrumbList","@id":"https:\/\/triplestepmadness.nl\/de\/allgemeine-geschaeftsbedingungen\/#breadcrumb","itemListElement":[{"@type":"ListItem","position":1,"name":"Home","item":"https:\/\/triplestepmadness.nl\/de\/"},{"@type":"ListItem","position":2,"name":"Allgemeine Gesch\u00e4ftsbedingungen"}]},{"@type":"WebSite","@id":"https:\/\/triplestepmadness.nl\/de\/#website","url":"https:\/\/triplestepmadness.nl\/de\/","name":"Triple Step Madness","description":"","publisher":{"@id":"https:\/\/triplestepmadness.nl\/de\/#organization"},"potentialAction":[{"@type":"SearchAction","target":{"@type":"EntryPoint","urlTemplate":"https:\/\/triplestepmadness.nl\/de\/?s={search_term_string}"},"query-input":{"@type":"PropertyValueSpecification","valueRequired":true,"valueName":"search_term_string"}}],"inLanguage":"de"},{"@type":"Organization","@id":"https:\/\/triplestepmadness.nl\/de\/#organization","name":"Triple Step Madness","url":"https:\/\/triplestepmadness.nl\/de\/","logo":{"@type":"ImageObject","inLanguage":"de","@id":"https:\/\/triplestepmadness.nl\/de\/#\/schema\/logo\/image\/","url":"https:\/\/triplestepmadness.nl\/wp-content\/uploads\/triple-step-madness-logo-2025.png","contentUrl":"https:\/\/triplestepmadness.nl\/wp-content\/uploads\/triple-step-madness-logo-2025.png","width":2000,"height":1850,"caption":"Triple Step Madness"},"image":{"@id":"https:\/\/triplestepmadness.nl\/de\/#\/schema\/logo\/image\/"}}]}},"_links":{"self":[{"href":"https:\/\/triplestepmadness.nl\/de\/wp-json\/wp\/v2\/pages\/1488","targetHints":{"allow":["GET"]}}],"collection":[{"href":"https:\/\/triplestepmadness.nl\/de\/wp-json\/wp\/v2\/pages"}],"about":[{"href":"https:\/\/triplestepmadness.nl\/de\/wp-json\/wp\/v2\/types\/page"}],"author":[{"embeddable":true,"href":"https:\/\/triplestepmadness.nl\/de\/wp-json\/wp\/v2\/users\/2"}],"replies":[{"embeddable":true,"href":"https:\/\/triplestepmadness.nl\/de\/wp-json\/wp\/v2\/comments?post=1488"}],"version-history":[{"count":6,"href":"https:\/\/triplestepmadness.nl\/de\/wp-json\/wp\/v2\/pages\/1488\/revisions"}],"predecessor-version":[{"id":2589,"href":"https:\/\/triplestepmadness.nl\/de\/wp-json\/wp\/v2\/pages\/1488\/revisions\/2589"}],"wp:attachment":[{"href":"https:\/\/triplestepmadness.nl\/de\/wp-json\/wp\/v2\/media?parent=1488"}],"curies":[{"name":"wp","href":"https:\/\/api.w.org\/{rel}","templated":true}]}}