{"id":1374,"date":"2024-09-04T10:21:09","date_gmt":"2024-09-04T10:21:09","guid":{"rendered":"http:\/\/triplestepmadness.nl\/?page_id=1374"},"modified":"2025-10-08T12:25:54","modified_gmt":"2025-10-08T12:25:54","slug":"verhaltenskodex","status":"publish","type":"page","link":"https:\/\/triplestepmadness.nl\/de\/verhaltenskodex\/","title":{"rendered":"Verhaltenskodex"},"content":{"rendered":"\t\t<div data-elementor-type=\"wp-page\" data-elementor-id=\"1374\" class=\"elementor elementor-1374 elementor-1372\" data-elementor-post-type=\"page\">\n\t\t\t\t<div class=\"elementor-element elementor-element-f63863b e-con-full e-flex e-con e-parent\" data-id=\"f63863b\" data-element_type=\"container\" data-e-type=\"container\" data-settings=\"{&quot;background_background&quot;:&quot;classic&quot;}\">\n\t\t<div class=\"elementor-element elementor-element-f55ef54 e-con-full e-flex e-con e-child\" data-id=\"f55ef54\" data-element_type=\"container\" data-e-type=\"container\" data-settings=\"{&quot;background_background&quot;:&quot;classic&quot;}\">\n\t\t\t\t<div class=\"elementor-element elementor-element-c3b21cc elementor-widget__width-initial elementor-widget elementor-widget-image\" data-id=\"c3b21cc\" data-element_type=\"widget\" data-e-type=\"widget\" data-settings=\"{&quot;motion_fx_motion_fx_mouse&quot;:&quot;yes&quot;,&quot;motion_fx_tilt_effect&quot;:&quot;yes&quot;,&quot;motion_fx_tilt_speed&quot;:{&quot;unit&quot;:&quot;px&quot;,&quot;size&quot;:3,&quot;sizes&quot;:[]},&quot;motion_fx_mouseTrack_effect&quot;:&quot;yes&quot;,&quot;motion_fx_mouseTrack_speed&quot;:{&quot;unit&quot;:&quot;px&quot;,&quot;size&quot;:0.3,&quot;sizes&quot;:[]}}\" data-widget_type=\"image.default\">\n\t\t\t\t<div class=\"elementor-widget-container\">\n\t\t\t\t\t\t\t\t\t\t\t\t\t\t\t<img fetchpriority=\"high\" decoding=\"async\" width=\"768\" height=\"710\" src=\"https:\/\/triplestepmadness.nl\/wp-content\/uploads\/triple-step-madness-logo-2026-768x710.png\" class=\"attachment-medium_large size-medium_large wp-image-2940\" alt=\"Lindy hop, Boogie woogie en Swingdance - Triple Step Madness - Logo 2026\" srcset=\"https:\/\/triplestepmadness.nl\/wp-content\/uploads\/triple-step-madness-logo-2026-768x710.png 768w, https:\/\/triplestepmadness.nl\/wp-content\/uploads\/triple-step-madness-logo-2026-300x278.png 300w, https:\/\/triplestepmadness.nl\/wp-content\/uploads\/triple-step-madness-logo-2026-1024x947.png 1024w, https:\/\/triplestepmadness.nl\/wp-content\/uploads\/triple-step-madness-logo-2026-1536x1421.png 1536w, https:\/\/triplestepmadness.nl\/wp-content\/uploads\/triple-step-madness-logo-2026-600x555.png 600w, https:\/\/triplestepmadness.nl\/wp-content\/uploads\/triple-step-madness-logo-2026.png 2000w\" sizes=\"(max-width: 768px) 100vw, 768px\" \/>\t\t\t\t\t\t\t\t\t\t\t\t\t\t\t<\/div>\n\t\t\t\t<\/div>\n\t\t\t\t<\/div>\n\t\t<div class=\"elementor-element elementor-element-6a2ccb0 e-con-full e-flex e-con e-child\" data-id=\"6a2ccb0\" data-element_type=\"container\" data-e-type=\"container\" data-settings=\"{&quot;background_background&quot;:&quot;classic&quot;}\">\n\t\t\t\t<div class=\"elementor-element elementor-element-4cbf1e1 elementor-widget__width-initial elementor-widget elementor-widget-heading\" data-id=\"4cbf1e1\" data-element_type=\"widget\" data-e-type=\"widget\" data-widget_type=\"heading.default\">\n\t\t\t\t<div class=\"elementor-widget-container\">\n\t\t\t\t\t<h1 class=\"elementor-heading-title elementor-size-default\">Verhaltenskodex<\/h1>\t\t\t\t<\/div>\n\t\t\t\t<\/div>\n\t\t\t\t<\/div>\n\t\t<div class=\"elementor-element elementor-element-f1b56c1 e-flex e-con-boxed e-con e-child\" data-id=\"f1b56c1\" data-element_type=\"container\" data-e-type=\"container\">\n\t\t\t\t\t<div class=\"e-con-inner\">\n\t\t\t\t<div class=\"elementor-element elementor-element-81781fe elementor-widget elementor-widget-text-editor\" data-id=\"81781fe\" data-element_type=\"widget\" data-e-type=\"widget\" data-widget_type=\"text-editor.default\">\n\t\t\t\t<div class=\"elementor-widget-container\">\n\t\t\t\t\t\t\t\t\t<p><strong>Verhaltenskodex<\/strong><\/p><p>Tanzen ist eine soziale Aktivit\u00e4t, bei der du nat\u00fcrlicherweise in Kontakt mit anderen Menschen trittst und oft nahe bei ihnen bist. Daher ist es wichtig, darauf zu achten, wie du die Menschen um dich herum behandelst, damit alle eine gute Zeit haben k\u00f6nnen. <\/p><p>Wir gehen davon aus, dass die meisten Menschen wissen, was angemessenes Verhalten ist, und erwarten, dass sich jeder respektvoll, h\u00f6flich und mit gesundem Menschenverstand verh\u00e4lt, um eine positive Tanzerfahrung f\u00fcr sich selbst und andere zu schaffen. Da jeder unterschiedliche Grenzen hat, haben wir einige Richtlinien erstellt, um uns allen zu helfen, einen sicheren und einladenden Raum zu schaffen. <\/p><p><strong>Sorge f\u00fcr dich selbst und andere<\/strong><\/p><ul><li>Beim Tanzen l\u00e4dst du Menschen in deinen pers\u00f6nlichen Raum ein und betrittst den pers\u00f6nlichen Raum anderer. Sei dir dessen bewusst und behandle deine Tanzpartner h\u00f6flich und respektvoll. <\/li><li>Achten Sie auf gute Hygiene. Duschen vor dem Tanzen, ein Ersatzhemd mitbringen, Deodorant verwenden und nach dem Essen eines starken Getr\u00e4nks ein Pfefferminzbonbon nehmen, kann das Erlebnis f\u00fcr alle angenehmer machen. <\/li><li>Achte auf deine k\u00f6rperlichen Bed\u00fcrfnisse. Sorge f\u00fcr ausreichend Schlaf, achte auf deine Gesundheit und benutze H\u00e4ndedesinfektionsmittel oder wasche dir im Laufe des Abends die H\u00e4nde. Wenn du husten oder niesen musst, tue dies bitte in deinem Arm.  <\/li><li>F\u00fchle dich niemals verpflichtet, mit jemandem zu tanzen, wenn es dir unangenehm ist. Jeder hat das Recht, aus beliebigen Gr\u00fcnden einen Tanz abzulehnen. Sei h\u00f6flich, egal ob du ablehnst oder abgelehnt wirst.  <\/li><li>Aus R\u00fccksicht auf andere gib kein unaufgefordertes Feedback, auch nicht im Unterricht. Wenn etwas k\u00f6rperlich schmerzhaft, unangemessen oder unangenehm ist, teile dies respektvoll deinem Partner mit, damit er sich anpassen kann. <\/li><\/ul><p> <\/p><p><strong>Tanzbodenregeln und Sicherheit<\/strong><\/p><ul><li>Beide Partner sind verantwortlich daf\u00fcr, sich und einander w\u00e4hrend des Tanzes vor Kollisionen und Verletzungen zu sch\u00fctzen.<\/li><li>Wenn du versehentlich mit jemandem zusammenst\u00f6\u00dft, entschuldige dich und \u00fcberpr\u00fcfe, ob alles in Ordnung ist. Wenn sie Hilfe ben\u00f6tigen, informiere das Team. <\/li><li>Wenn du versehentlich intime Bereiche einer Person ber\u00fchrst, entschuldige dich.<\/li><li>Obwohl Tanzen mit einigen Risiken verbunden ist, setzen wir uns daf\u00fcr ein, Verletzungen zu verhindern. Unsicheres Tanzen umfasst jede Bewegung, die das Risiko k\u00f6rperlicher Sch\u00e4den erh\u00f6ht, wie etwa Greifen, Dr\u00fccken, Ziehen oder andere gewaltsame Bewegungen. Dies gilt auch f\u00fcr das \u00dcberbeugen deines Partners w\u00e4hrend eines Dips oder pl\u00f6tzliches Gewichtsverlagern beim Folgen. Du k\u00f6nntest aufgefordert werden, dein Tanzen zu stoppen, wenn deine Bewegungen dich, deinen Partner oder andere T\u00e4nzer auf der Tanzfl\u00e4che gef\u00e4hrden. Wenn du dir unsicher bist, was unsicheres Tanzen ist, frage bitte ein Teammitglied oder einen Lehrer.    <\/li><li>Au\u00dfer bei Jam-Circles, Auff\u00fchrungen und speziellen Kursen sind keine Luftakrobatiken auf der Tanzfl\u00e4che erlaubt.<\/li><\/ul><p> <\/p><p><strong>Unangemessenes Verhalten<\/strong><\/p><ul><li>Jede Form von absichtlicher verbaler oder physischer Misshandlung ist absolut inakzeptabel.<\/li><li>Wir haben eine Null-Toleranz-Politik gegen\u00fcber Bel\u00e4stigung, sei es aufgrund von Geschlecht, sexueller Orientierung, Behinderung, Aussehen, K\u00f6rpergr\u00f6\u00dfe, Rasse, Alter, religi\u00f6ser Zugeh\u00f6rigkeit, Tanzf\u00e4higkeiten oder Tanzrolle. Dies umfasst verbale oder physische \u00c4u\u00dferungen, das Zeigen sexueller Bilder in \u00f6ffentlichen R\u00e4umen, Einsch\u00fcchterung, Stalking, Verfolgen, unerw\u00fcnschte Fotografie oder Aufnahme, St\u00f6rung von Workshops oder Veranstaltungen, unangemessenen k\u00f6rperlichen Kontakt oder unerw\u00fcnschte sexuelle Aufmerksamkeit. <\/li><li>Wenn du dich unwohl f\u00fchlst, bel\u00e4stigt wirst, siehst, dass jemand anders bel\u00e4stigt wird oder andere Bedenken hast, wende dich bitte sofort an das Team. Sie sind jederzeit verf\u00fcgbar, um mit dir \u00fcber jede Situation zu sprechen. Wenn du dich in einer Situation unwohl f\u00fchlst, z\u00f6gere nicht, dich zur\u00fcckzuziehen.  <\/li><\/ul><p>Wir erwarten von allen Teilnehmern der Veranstaltung \u2013 sei es Teilnehmer, Mitarbeiter oder Lehrer \u2013 dass sie sich an diese Richtlinien halten, sowohl auf der Tanzfl\u00e4che als auch w\u00e4hrend der Workshops. Bei Verst\u00f6\u00dfen gegen den Verhaltenskodex behalten wir uns das Recht vor, die betroffene Person von der aktuellen und zuk\u00fcnftigen Klasse, dem Kurs oder der Veranstaltung auszuschlie\u00dfen. <\/p><p>Wenn du Hilfe ben\u00f6tigst, wende dich bitte an ein Teammitglied. Sie sind an ihren &#8218;Crew&#8216;-T-Shirts zu erkennen. <\/p><p><strong>Bleib sicher und genie\u00dfe Triple Step Madness!<\/strong><\/p>\t\t\t\t\t\t\t\t<\/div>\n\t\t\t\t<\/div>\n\t\t\t\t\t<\/div>\n\t\t\t\t<\/div>\n\t\t\t\t<\/div>\n\t\t\t\t<\/div>\n\t\t","protected":false},"excerpt":{"rendered":"<p>Verhaltenskodex Verhaltenskodex Tanzen ist eine soziale Aktivit\u00e4t, bei der du nat\u00fcrlicherweise in Kontakt mit anderen Menschen trittst und oft nahe bei ihnen bist. Daher ist es wichtig, darauf zu achten, wie du die Menschen um dich herum behandelst, damit alle eine gute Zeit haben k\u00f6nnen. Wir gehen davon aus, dass die meisten Menschen wissen, was [&hellip;]<\/p>\n","protected":false},"author":2,"featured_media":0,"parent":0,"menu_order":0,"comment_status":"closed","ping_status":"closed","template":"","meta":{"_acf_changed":false,"_monsterinsights_skip_tracking":false,"_monsterinsights_sitenote_active":false,"_monsterinsights_sitenote_note":"","_monsterinsights_sitenote_category":0,"footnotes":""},"class_list":["post-1374","page","type-page","status-publish","hentry"],"acf":[],"yoast_head":"<!-- This site is optimized with the Yoast SEO plugin v27.3 - https:\/\/yoast.com\/product\/yoast-seo-wordpress\/ -->\n<title>Workshops Swingdance und Boogie woogie - Triple Step Madness - Verhaltenskodex<\/title>\n<meta name=\"description\" content=\"Ein Wochenende voller Swingtanz auf De Rijper Eilanden. Workshops mit internationalen Lehrern. Fantastische Bands und DJs. De Rijper Eilanden.\" \/>\n<meta name=\"robots\" content=\"index, follow, max-snippet:-1, max-image-preview:large, max-video-preview:-1\" \/>\n<link rel=\"canonical\" href=\"https:\/\/triplestepmadness.nl\/de\/verhaltenskodex\/\" \/>\n<meta property=\"og:locale\" content=\"de_DE\" \/>\n<meta property=\"og:type\" content=\"article\" \/>\n<meta property=\"og:title\" content=\"Workshops Swingdance und Boogie woogie - Triple Step Madness - Verhaltenskodex\" \/>\n<meta property=\"og:description\" content=\"Ein Wochenende voller Swingtanz auf De Rijper Eilanden. Workshops mit internationalen Lehrern. Fantastische Bands und DJs. De Rijper Eilanden.\" \/>\n<meta property=\"og:url\" content=\"https:\/\/triplestepmadness.nl\/de\/verhaltenskodex\/\" \/>\n<meta property=\"og:site_name\" content=\"Triple Step Madness\" \/>\n<meta property=\"article:modified_time\" content=\"2025-10-08T12:25:54+00:00\" \/>\n<meta property=\"og:image\" content=\"https:\/\/triplestepmadness.nl\/wp-content\/uploads\/triple-step-madness-logo-2026-768x710.png\" \/>\n<meta name=\"twitter:card\" content=\"summary_large_image\" \/>\n<meta name=\"twitter:label1\" content=\"Gesch\u00e4tzte Lesezeit\" \/>\n\t<meta name=\"twitter:data1\" content=\"3\u00a0Minuten\" \/>\n<script type=\"application\/ld+json\" class=\"yoast-schema-graph\">{\"@context\":\"https:\\\/\\\/schema.org\",\"@graph\":[{\"@type\":\"WebPage\",\"@id\":\"https:\\\/\\\/triplestepmadness.nl\\\/de\\\/verhaltenskodex\\\/\",\"url\":\"https:\\\/\\\/triplestepmadness.nl\\\/de\\\/verhaltenskodex\\\/\",\"name\":\"Workshops Swingdance und Boogie woogie - Triple Step Madness - Verhaltenskodex\",\"isPartOf\":{\"@id\":\"https:\\\/\\\/triplestepmadness.nl\\\/de\\\/#website\"},\"primaryImageOfPage\":{\"@id\":\"https:\\\/\\\/triplestepmadness.nl\\\/de\\\/verhaltenskodex\\\/#primaryimage\"},\"image\":{\"@id\":\"https:\\\/\\\/triplestepmadness.nl\\\/de\\\/verhaltenskodex\\\/#primaryimage\"},\"thumbnailUrl\":\"https:\\\/\\\/triplestepmadness.nl\\\/wp-content\\\/uploads\\\/triple-step-madness-logo-2026-768x710.png\",\"datePublished\":\"2024-09-04T10:21:09+00:00\",\"dateModified\":\"2025-10-08T12:25:54+00:00\",\"description\":\"Ein Wochenende voller Swingtanz auf De Rijper Eilanden. Workshops mit internationalen Lehrern. Fantastische Bands und DJs. De Rijper Eilanden.\",\"breadcrumb\":{\"@id\":\"https:\\\/\\\/triplestepmadness.nl\\\/de\\\/verhaltenskodex\\\/#breadcrumb\"},\"inLanguage\":\"de\",\"potentialAction\":[{\"@type\":\"ReadAction\",\"target\":[\"https:\\\/\\\/triplestepmadness.nl\\\/de\\\/verhaltenskodex\\\/\"]}]},{\"@type\":\"ImageObject\",\"inLanguage\":\"de\",\"@id\":\"https:\\\/\\\/triplestepmadness.nl\\\/de\\\/verhaltenskodex\\\/#primaryimage\",\"url\":\"https:\\\/\\\/triplestepmadness.nl\\\/wp-content\\\/uploads\\\/triple-step-madness-logo-2026-768x710.png\",\"contentUrl\":\"https:\\\/\\\/triplestepmadness.nl\\\/wp-content\\\/uploads\\\/triple-step-madness-logo-2026-768x710.png\"},{\"@type\":\"BreadcrumbList\",\"@id\":\"https:\\\/\\\/triplestepmadness.nl\\\/de\\\/verhaltenskodex\\\/#breadcrumb\",\"itemListElement\":[{\"@type\":\"ListItem\",\"position\":1,\"name\":\"Home\",\"item\":\"https:\\\/\\\/triplestepmadness.nl\\\/de\\\/\"},{\"@type\":\"ListItem\",\"position\":2,\"name\":\"Verhaltenskodex\"}]},{\"@type\":\"WebSite\",\"@id\":\"https:\\\/\\\/triplestepmadness.nl\\\/de\\\/#website\",\"url\":\"https:\\\/\\\/triplestepmadness.nl\\\/de\\\/\",\"name\":\"Triple Step Madness\",\"description\":\"\",\"publisher\":{\"@id\":\"https:\\\/\\\/triplestepmadness.nl\\\/de\\\/#organization\"},\"potentialAction\":[{\"@type\":\"SearchAction\",\"target\":{\"@type\":\"EntryPoint\",\"urlTemplate\":\"https:\\\/\\\/triplestepmadness.nl\\\/de\\\/?s={search_term_string}\"},\"query-input\":{\"@type\":\"PropertyValueSpecification\",\"valueRequired\":true,\"valueName\":\"search_term_string\"}}],\"inLanguage\":\"de\"},{\"@type\":\"Organization\",\"@id\":\"https:\\\/\\\/triplestepmadness.nl\\\/de\\\/#organization\",\"name\":\"Triple Step Madness\",\"url\":\"https:\\\/\\\/triplestepmadness.nl\\\/de\\\/\",\"logo\":{\"@type\":\"ImageObject\",\"inLanguage\":\"de\",\"@id\":\"https:\\\/\\\/triplestepmadness.nl\\\/de\\\/#\\\/schema\\\/logo\\\/image\\\/\",\"url\":\"https:\\\/\\\/triplestepmadness.nl\\\/wp-content\\\/uploads\\\/triple-step-madness-logo-2025.png\",\"contentUrl\":\"https:\\\/\\\/triplestepmadness.nl\\\/wp-content\\\/uploads\\\/triple-step-madness-logo-2025.png\",\"width\":2000,\"height\":1850,\"caption\":\"Triple Step Madness\"},\"image\":{\"@id\":\"https:\\\/\\\/triplestepmadness.nl\\\/de\\\/#\\\/schema\\\/logo\\\/image\\\/\"}}]}<\/script>\n<!-- \/ Yoast SEO plugin. -->","yoast_head_json":{"title":"Workshops Swingdance und Boogie woogie - Triple Step Madness - Verhaltenskodex","description":"Ein Wochenende voller Swingtanz auf De Rijper Eilanden. Workshops mit internationalen Lehrern. Fantastische Bands und DJs. De Rijper Eilanden.","robots":{"index":"index","follow":"follow","max-snippet":"max-snippet:-1","max-image-preview":"max-image-preview:large","max-video-preview":"max-video-preview:-1"},"canonical":"https:\/\/triplestepmadness.nl\/de\/verhaltenskodex\/","og_locale":"de_DE","og_type":"article","og_title":"Workshops Swingdance und Boogie woogie - Triple Step Madness - Verhaltenskodex","og_description":"Ein Wochenende voller Swingtanz auf De Rijper Eilanden. Workshops mit internationalen Lehrern. Fantastische Bands und DJs. De Rijper Eilanden.","og_url":"https:\/\/triplestepmadness.nl\/de\/verhaltenskodex\/","og_site_name":"Triple Step Madness","article_modified_time":"2025-10-08T12:25:54+00:00","og_image":[{"url":"https:\/\/triplestepmadness.nl\/wp-content\/uploads\/triple-step-madness-logo-2026-768x710.png","type":"","width":"","height":""}],"twitter_card":"summary_large_image","twitter_misc":{"Gesch\u00e4tzte Lesezeit":"3\u00a0Minuten"},"schema":{"@context":"https:\/\/schema.org","@graph":[{"@type":"WebPage","@id":"https:\/\/triplestepmadness.nl\/de\/verhaltenskodex\/","url":"https:\/\/triplestepmadness.nl\/de\/verhaltenskodex\/","name":"Workshops Swingdance und Boogie woogie - Triple Step Madness - Verhaltenskodex","isPartOf":{"@id":"https:\/\/triplestepmadness.nl\/de\/#website"},"primaryImageOfPage":{"@id":"https:\/\/triplestepmadness.nl\/de\/verhaltenskodex\/#primaryimage"},"image":{"@id":"https:\/\/triplestepmadness.nl\/de\/verhaltenskodex\/#primaryimage"},"thumbnailUrl":"https:\/\/triplestepmadness.nl\/wp-content\/uploads\/triple-step-madness-logo-2026-768x710.png","datePublished":"2024-09-04T10:21:09+00:00","dateModified":"2025-10-08T12:25:54+00:00","description":"Ein Wochenende voller Swingtanz auf De Rijper Eilanden. Workshops mit internationalen Lehrern. Fantastische Bands und DJs. De Rijper Eilanden.","breadcrumb":{"@id":"https:\/\/triplestepmadness.nl\/de\/verhaltenskodex\/#breadcrumb"},"inLanguage":"de","potentialAction":[{"@type":"ReadAction","target":["https:\/\/triplestepmadness.nl\/de\/verhaltenskodex\/"]}]},{"@type":"ImageObject","inLanguage":"de","@id":"https:\/\/triplestepmadness.nl\/de\/verhaltenskodex\/#primaryimage","url":"https:\/\/triplestepmadness.nl\/wp-content\/uploads\/triple-step-madness-logo-2026-768x710.png","contentUrl":"https:\/\/triplestepmadness.nl\/wp-content\/uploads\/triple-step-madness-logo-2026-768x710.png"},{"@type":"BreadcrumbList","@id":"https:\/\/triplestepmadness.nl\/de\/verhaltenskodex\/#breadcrumb","itemListElement":[{"@type":"ListItem","position":1,"name":"Home","item":"https:\/\/triplestepmadness.nl\/de\/"},{"@type":"ListItem","position":2,"name":"Verhaltenskodex"}]},{"@type":"WebSite","@id":"https:\/\/triplestepmadness.nl\/de\/#website","url":"https:\/\/triplestepmadness.nl\/de\/","name":"Triple Step Madness","description":"","publisher":{"@id":"https:\/\/triplestepmadness.nl\/de\/#organization"},"potentialAction":[{"@type":"SearchAction","target":{"@type":"EntryPoint","urlTemplate":"https:\/\/triplestepmadness.nl\/de\/?s={search_term_string}"},"query-input":{"@type":"PropertyValueSpecification","valueRequired":true,"valueName":"search_term_string"}}],"inLanguage":"de"},{"@type":"Organization","@id":"https:\/\/triplestepmadness.nl\/de\/#organization","name":"Triple Step Madness","url":"https:\/\/triplestepmadness.nl\/de\/","logo":{"@type":"ImageObject","inLanguage":"de","@id":"https:\/\/triplestepmadness.nl\/de\/#\/schema\/logo\/image\/","url":"https:\/\/triplestepmadness.nl\/wp-content\/uploads\/triple-step-madness-logo-2025.png","contentUrl":"https:\/\/triplestepmadness.nl\/wp-content\/uploads\/triple-step-madness-logo-2025.png","width":2000,"height":1850,"caption":"Triple Step Madness"},"image":{"@id":"https:\/\/triplestepmadness.nl\/de\/#\/schema\/logo\/image\/"}}]}},"_links":{"self":[{"href":"https:\/\/triplestepmadness.nl\/de\/wp-json\/wp\/v2\/pages\/1374","targetHints":{"allow":["GET"]}}],"collection":[{"href":"https:\/\/triplestepmadness.nl\/de\/wp-json\/wp\/v2\/pages"}],"about":[{"href":"https:\/\/triplestepmadness.nl\/de\/wp-json\/wp\/v2\/types\/page"}],"author":[{"embeddable":true,"href":"https:\/\/triplestepmadness.nl\/de\/wp-json\/wp\/v2\/users\/2"}],"replies":[{"embeddable":true,"href":"https:\/\/triplestepmadness.nl\/de\/wp-json\/wp\/v2\/comments?post=1374"}],"version-history":[{"count":4,"href":"https:\/\/triplestepmadness.nl\/de\/wp-json\/wp\/v2\/pages\/1374\/revisions"}],"predecessor-version":[{"id":3942,"href":"https:\/\/triplestepmadness.nl\/de\/wp-json\/wp\/v2\/pages\/1374\/revisions\/3942"}],"wp:attachment":[{"href":"https:\/\/triplestepmadness.nl\/de\/wp-json\/wp\/v2\/media?parent=1374"}],"curies":[{"name":"wp","href":"https:\/\/api.w.org\/{rel}","templated":true}]}}